{"id":380260,"date":"2025-11-02T19:05:37","date_gmt":"2025-11-02T15:05:37","guid":{"rendered":"https:\/\/iglomart.com\/shop\/car-door-welcome-led-laser-light\/"},"modified":"2025-11-02T19:05:45","modified_gmt":"2025-11-02T15:05:45","slug":"car-door-welcome-led-laser-light","status":"publish","type":"product","link":"https:\/\/iglomart.com\/ru\/shop\/car-door-welcome-led-laser-light\/","title":{"rendered":"car door Welcome LED laser Light"},"content":{"rendered":"<ul>\n<li id=\"product-prop-2\" data-attr=\"201666994\" data-title=\"alloet\"> <span data-spm-anchor-id=\"a219c.10010108.0.i6.44476ae4sRnTyX\">ombre de la marca:<\/span> <span title=\"alloet\">alloet<\/span> <\/li>\n<li id=\"product-prop-200000137\" data-attr=\"200002698\" data-title=\"Luces de la trayectoria\"> Tipo de art\u00edculo: <span title=\"Luces de la trayectoria\">Luces de la trayectoria<\/span> <\/li>\n<li id=\"product-prop-33\" data-attr=\"135\" data-title=\"DC\"> Fuente de energ\u00eda: <span title=\"DC\">DC<\/span> <\/li>\n<li id=\"product-prop-326\" data-attr=\"765\" data-title=\"Moderno\"> Estilo: <span title=\"Moderno\">Moderno<\/span> <\/li>\n<li id=\"product-prop-130\" data-attr=\"200002538,200002544,200002537\" data-title=\"CE,RoHS,CCC\"> Nivel de Protecci\u00f3n: <span title=\"IP65\">IP65<\/span>  <\/li>\n<li id=\"product-prop-3\" data-attr=\"\" data-title=\"Car Logo Laser Projector\"> N\u00famero de modelo: <span title=\"Car Logo Laser Projector\">Car Logo Laser Projector<\/span> <\/li>\n<li id=\"product-prop-35\" data-attr=\"3979\" data-title=\"6V\"> Tensi\u00f3n: <span title=\"6V\">6V<\/span> <\/li>\n<li id=\"product-prop-241\" data-attr=\"899\" data-title=\"ABS\"> Material del cuerpo: <span title=\"ABS\">ABS<\/span> <\/li>\n<li id=\"product-prop-252\" data-attr=\"200002587\" data-title=\"Bombillas LED\" data-spm-anchor-id=\"a219c.10010108.0.i4.44476ae4sRnTyX\"> <span data-spm-anchor-id=\"a219c.10010108.0.i5.44476ae4sRnTyX\">Fuente de luz:<\/span> <span title=\"Bombillas LED\" data-spm-anchor-id=\"a219c.10010108.0.i3.44476ae4sRnTyX\">Bombillas LED<\/span> <\/li>\n<li id=\"product-prop-200000519\" data-attr=\"200002536\" data-title=\"Cu\u00f1a\"> Tipo de Base: <span title=\"Cu\u00f1a\">Cu\u00f1a<\/span> <\/li>\n<li id=\"product-prop-200000535\" data-attr=\"349907\" data-title=\"S\u00ed\"> \u00bfEst\u00e1n las bombillas incluidas?: <span title=\"S\u00ed\">S\u00ed<\/span> <\/li>\n<li id=\"product-prop-200000532\" data-attr=\"200002626\" data-title=\"Cromo pulido\"> Finalizar: <span title=\"Cromo pulido\">Cromo pulido<\/span> <\/li>\n<li id=\"product-prop-200000520\" data-attr=\"\" data-title=\"--\"> Garant\u00eda: <span title=\"--\">&#8212;<\/span> <\/li>\n<li id=\"product-prop-200000536\" data-attr=\"349906\" data-title=\"No\"> Es regulable: <span title=\"No\">No<\/span> <\/li>\n<li id=\"product-prop-\" data-attr=\"\" data-title=\"see below\"> Voltage: <span title=\"see below\">see below<\/span> <\/li>\n<li id=\"product-prop-\" data-attr=\"\" data-title=\"other\"> Led Chip Manufacturer: <span title=\"other\">other<\/span> <\/li>\n<li id=\"product-prop-\" data-attr=\"\" data-title=\"External Lights\"> External\/Interior: <span title=\"External Lights\">External Lights<\/span> <\/li>\n<li id=\"product-prop-\" data-attr=\"\" data-title=\"Warning Lights\"> For Car Lamp: <span title=\"Warning Lights\">Warning Lights<\/span> <\/li>\n<li id=\"product-prop-\" data-attr=\"\" data-title=\"Warning Lights\"> <span title=\"Warning Lights\">battery:no include<\/span> <\/li>\n<li id=\"product-prop-\" data-attr=\"\" data-title=\"Warning Lights\"> <span title=\"Warning Lights\">size:6.5*6.3cm<\/span> <\/li>\n<li id=\"product-prop-\" data-attr=\"\" data-title=\"Warning Lights\">the price is for 2 lights<\/li>\n<\/ul>","protected":false},"excerpt":{"rendered":"<p>ombre de la marca: alloet Tipo de art\u00edculo: Luces de la trayectoria Fuente de energ\u00eda: DC Estilo: Moderno Nivel de Protecci\u00f3n: IP65 N\u00famero de modelo: Car Logo Laser Projector Tensi\u00f3n: 6V Material del cuerpo: ABS Fuente de luz: Bombillas LED Tipo de Base: Cu\u00f1a \u00bfEst\u00e1n las bombillas incluidas?: S\u00ed Finalizar: Cromo pulido Garant\u00eda: &#8212; Es [&hellip;]<\/p>\n","protected":false},"featured_media":380259,"comment_status":"open","ping_status":"closed","template":"","meta":{"_acf_changed":false},"product_cat":[272],"product_tag":[],"class_list":{"0":"post-380260","1":"product","2":"type-product","3":"status-publish","4":"has-post-thumbnail","6":"product_cat-auto-replacement","8":"first","9":"instock","10":"taxable","11":"shipping-taxable","12":"purchasable","13":"product-type-variable","swatches":"rey-swatches","show_selected":""},"acf":[],"yoast_head":"<!-- This site is optimized with the Yoast SEO plugin v27.2 - https:\/\/yoast.com\/product\/yoast-seo-wordpress\/ -->\n<title>car door Welcome LED laser Light - Iglomart.com<\/title>\n<meta name=\"robots\" content=\"index, follow, max-snippet:-1, max-image-preview:large, max-video-preview:-1\" \/>\n<link rel=\"canonical\" href=\"https:\/\/iglomart.com\/ru\/shop\/car-door-welcome-led-laser-light\/\" \/>\n<meta property=\"og:locale\" content=\"ru_RU\" \/>\n<meta property=\"og:type\" content=\"article\" \/>\n<meta property=\"og:title\" content=\"car door Welcome LED laser Light - Iglomart.com\" \/>\n<meta property=\"og:description\" content=\"ombre de la marca: alloet Tipo de art\u00edculo: Luces de la trayectoria Fuente de energ\u00eda: DC Estilo: Moderno Nivel de Protecci\u00f3n: IP65 N\u00famero de modelo: Car Logo Laser Projector Tensi\u00f3n: 6V Material del cuerpo: ABS Fuente de luz: Bombillas LED Tipo de Base: Cu\u00f1a \u00bfEst\u00e1n las bombillas incluidas?: S\u00ed Finalizar: Cromo pulido Garant\u00eda: &#8212; Es [&hellip;]\" \/>\n<meta property=\"og:url\" content=\"https:\/\/iglomart.com\/ru\/shop\/car-door-welcome-led-laser-light\/\" \/>\n<meta property=\"og:site_name\" content=\"Iglomart.com\" \/>\n<meta property=\"article:modified_time\" content=\"2025-11-02T15:05:45+00:00\" \/>\n<meta name=\"twitter:card\" content=\"summary_large_image\" \/>\n<script type=\"application\/ld+json\" class=\"yoast-schema-graph\">{\"@context\":\"https:\/\/schema.org\",\"@graph\":[{\"@type\":\"WebPage\",\"@id\":\"https:\/\/iglomart.com\/shop\/car-door-welcome-led-laser-light\/\",\"url\":\"https:\/\/iglomart.com\/shop\/car-door-welcome-led-laser-light\/\",\"name\":\"car door Welcome LED laser Light - Iglomart.com\",\"isPartOf\":{\"@id\":\"https:\/\/iglomart.com\/#website\"},\"primaryImageOfPage\":{\"@id\":\"https:\/\/iglomart.com\/shop\/car-door-welcome-led-laser-light\/#primaryimage\"},\"image\":{\"@id\":\"https:\/\/iglomart.com\/shop\/car-door-welcome-led-laser-light\/#primaryimage\"},\"thumbnailUrl\":\"https:\/\/iglomart.com\/wp-content\/uploads\/2025\/11\/250279449212.jpg\",\"datePublished\":\"2025-11-02T15:05:37+00:00\",\"dateModified\":\"2025-11-02T15:05:45+00:00\",\"breadcrumb\":{\"@id\":\"https:\/\/iglomart.com\/shop\/car-door-welcome-led-laser-light\/#breadcrumb\"},\"inLanguage\":\"ru-RU\",\"potentialAction\":[{\"@type\":\"ReadAction\",\"target\":[\"https:\/\/iglomart.com\/shop\/car-door-welcome-led-laser-light\/\"]}]},{\"@type\":\"ImageObject\",\"inLanguage\":\"ru-RU\",\"@id\":\"https:\/\/iglomart.com\/shop\/car-door-welcome-led-laser-light\/#primaryimage\",\"url\":\"https:\/\/iglomart.com\/wp-content\/uploads\/2025\/11\/250279449212.jpg\",\"contentUrl\":\"https:\/\/iglomart.com\/wp-content\/uploads\/2025\/11\/250279449212.jpg\",\"width\":360,\"height\":196},{\"@type\":\"BreadcrumbList\",\"@id\":\"https:\/\/iglomart.com\/shop\/car-door-welcome-led-laser-light\/#breadcrumb\",\"itemListElement\":[{\"@type\":\"ListItem\",\"position\":1,\"name\":\"Home\",\"item\":\"https:\/\/iglomart.com\/\"},{\"@type\":\"ListItem\",\"position\":2,\"name\":\"Products\",\"item\":\"https:\/\/iglomart.com\/shop\/\"},{\"@type\":\"ListItem\",\"position\":3,\"name\":\"car door Welcome LED laser Light\"}]},{\"@type\":\"WebSite\",\"@id\":\"https:\/\/iglomart.com\/#website\",\"url\":\"https:\/\/iglomart.com\/\",\"name\":\"Iglomart.com\",\"description\":\"\u10dd\u10dc\u10da\u10d0\u10d8\u10dc \u10db\u10d0\u10e6\u10d0\u10d6\u10d8\u10d0\",\"publisher\":{\"@id\":\"https:\/\/iglomart.com\/#organization\"},\"potentialAction\":[{\"@type\":\"SearchAction\",\"target\":{\"@type\":\"EntryPoint\",\"urlTemplate\":\"https:\/\/iglomart.com\/?s={search_term_string}\"},\"query-input\":{\"@type\":\"PropertyValueSpecification\",\"valueRequired\":true,\"valueName\":\"search_term_string\"}}],\"inLanguage\":\"ru-RU\"},{\"@type\":\"Organization\",\"@id\":\"https:\/\/iglomart.com\/#organization\",\"name\":\"Iglomart.com\",\"url\":\"https:\/\/iglomart.com\/\",\"logo\":{\"@type\":\"ImageObject\",\"inLanguage\":\"ru-RU\",\"@id\":\"https:\/\/iglomart.com\/#\/schema\/logo\/image\/\",\"url\":\"https:\/\/iglomart.com\/wp-content\/uploads\/2025\/07\/cropped-ChatGPT-Image-Nov-3-2025-11_58_56-PM-Photoroom-1.png\",\"contentUrl\":\"https:\/\/iglomart.com\/wp-content\/uploads\/2025\/07\/cropped-ChatGPT-Image-Nov-3-2025-11_58_56-PM-Photoroom-1.png\",\"width\":1279,\"height\":852,\"caption\":\"Iglomart.com\"},\"image\":{\"@id\":\"https:\/\/iglomart.com\/#\/schema\/logo\/image\/\"}}]}<\/script>\n<!-- \/ Yoast SEO plugin. -->","yoast_head_json":{"title":"car door Welcome LED laser Light - Iglomart.com","robots":{"index":"index","follow":"follow","max-snippet":"max-snippet:-1","max-image-preview":"max-image-preview:large","max-video-preview":"max-video-preview:-1"},"canonical":"https:\/\/iglomart.com\/ru\/shop\/car-door-welcome-led-laser-light\/","og_locale":"ru_RU","og_type":"article","og_title":"car door Welcome LED laser Light - Iglomart.com","og_description":"ombre de la marca: alloet Tipo de art\u00edculo: Luces de la trayectoria Fuente de energ\u00eda: DC Estilo: Moderno Nivel de Protecci\u00f3n: IP65 N\u00famero de modelo: Car Logo Laser Projector Tensi\u00f3n: 6V Material del cuerpo: ABS Fuente de luz: Bombillas LED Tipo de Base: Cu\u00f1a \u00bfEst\u00e1n las bombillas incluidas?: S\u00ed Finalizar: Cromo pulido Garant\u00eda: &#8212; Es [&hellip;]","og_url":"https:\/\/iglomart.com\/ru\/shop\/car-door-welcome-led-laser-light\/","og_site_name":"Iglomart.com","article_modified_time":"2025-11-02T15:05:45+00:00","twitter_card":"summary_large_image","schema":{"@context":"https:\/\/schema.org","@graph":[{"@type":"WebPage","@id":"https:\/\/iglomart.com\/shop\/car-door-welcome-led-laser-light\/","url":"https:\/\/iglomart.com\/shop\/car-door-welcome-led-laser-light\/","name":"car door Welcome LED laser Light - Iglomart.com","isPartOf":{"@id":"https:\/\/iglomart.com\/#website"},"primaryImageOfPage":{"@id":"https:\/\/iglomart.com\/shop\/car-door-welcome-led-laser-light\/#primaryimage"},"image":{"@id":"https:\/\/iglomart.com\/shop\/car-door-welcome-led-laser-light\/#primaryimage"},"thumbnailUrl":"https:\/\/iglomart.com\/wp-content\/uploads\/2025\/11\/250279449212.jpg","datePublished":"2025-11-02T15:05:37+00:00","dateModified":"2025-11-02T15:05:45+00:00","breadcrumb":{"@id":"https:\/\/iglomart.com\/shop\/car-door-welcome-led-laser-light\/#breadcrumb"},"inLanguage":"ru-RU","potentialAction":[{"@type":"ReadAction","target":["https:\/\/iglomart.com\/shop\/car-door-welcome-led-laser-light\/"]}]},{"@type":"ImageObject","inLanguage":"ru-RU","@id":"https:\/\/iglomart.com\/shop\/car-door-welcome-led-laser-light\/#primaryimage","url":"https:\/\/iglomart.com\/wp-content\/uploads\/2025\/11\/250279449212.jpg","contentUrl":"https:\/\/iglomart.com\/wp-content\/uploads\/2025\/11\/250279449212.jpg","width":360,"height":196},{"@type":"BreadcrumbList","@id":"https:\/\/iglomart.com\/shop\/car-door-welcome-led-laser-light\/#breadcrumb","itemListElement":[{"@type":"ListItem","position":1,"name":"Home","item":"https:\/\/iglomart.com\/"},{"@type":"ListItem","position":2,"name":"Products","item":"https:\/\/iglomart.com\/shop\/"},{"@type":"ListItem","position":3,"name":"car door Welcome LED laser Light"}]},{"@type":"WebSite","@id":"https:\/\/iglomart.com\/#website","url":"https:\/\/iglomart.com\/","name":"Iglomart.com","description":"\u10dd\u10dc\u10da\u10d0\u10d8\u10dc \u10db\u10d0\u10e6\u10d0\u10d6\u10d8\u10d0","publisher":{"@id":"https:\/\/iglomart.com\/#organization"},"potentialAction":[{"@type":"SearchAction","target":{"@type":"EntryPoint","urlTemplate":"https:\/\/iglomart.com\/?s={search_term_string}"},"query-input":{"@type":"PropertyValueSpecification","valueRequired":true,"valueName":"search_term_string"}}],"inLanguage":"ru-RU"},{"@type":"Organization","@id":"https:\/\/iglomart.com\/#organization","name":"Iglomart.com","url":"https:\/\/iglomart.com\/","logo":{"@type":"ImageObject","inLanguage":"ru-RU","@id":"https:\/\/iglomart.com\/#\/schema\/logo\/image\/","url":"https:\/\/iglomart.com\/wp-content\/uploads\/2025\/07\/cropped-ChatGPT-Image-Nov-3-2025-11_58_56-PM-Photoroom-1.png","contentUrl":"https:\/\/iglomart.com\/wp-content\/uploads\/2025\/07\/cropped-ChatGPT-Image-Nov-3-2025-11_58_56-PM-Photoroom-1.png","width":1279,"height":852,"caption":"Iglomart.com"},"image":{"@id":"https:\/\/iglomart.com\/#\/schema\/logo\/image\/"}}]}},"_links":{"self":[{"href":"https:\/\/iglomart.com\/ru\/wp-json\/wp\/v2\/product\/380260","targetHints":{"allow":["GET"]}}],"collection":[{"href":"https:\/\/iglomart.com\/ru\/wp-json\/wp\/v2\/product"}],"about":[{"href":"https:\/\/iglomart.com\/ru\/wp-json\/wp\/v2\/types\/product"}],"replies":[{"embeddable":true,"href":"https:\/\/iglomart.com\/ru\/wp-json\/wp\/v2\/comments?post=380260"}],"wp:featuredmedia":[{"embeddable":true,"href":"https:\/\/iglomart.com\/ru\/wp-json\/wp\/v2\/media\/380259"}],"wp:attachment":[{"href":"https:\/\/iglomart.com\/ru\/wp-json\/wp\/v2\/media?parent=380260"}],"wp:term":[{"taxonomy":"product_cat","embeddable":true,"href":"https:\/\/iglomart.com\/ru\/wp-json\/wp\/v2\/product_cat?post=380260"},{"taxonomy":"product_tag","embeddable":true,"href":"https:\/\/iglomart.com\/ru\/wp-json\/wp\/v2\/product_tag?post=380260"}],"curies":[{"name":"wp","href":"https:\/\/api.w.org\/{rel}","templated":true}]}}