{"id":340926,"date":"2025-11-01T17:21:05","date_gmt":"2025-11-01T13:21:05","guid":{"rendered":"https:\/\/iglomart.com\/shop\/quiet-small-household-touch-display-fascia-gun\/"},"modified":"2025-11-01T17:21:16","modified_gmt":"2025-11-01T13:21:16","slug":"quiet-small-household-touch-display-fascia-gun","status":"publish","type":"product","link":"https:\/\/iglomart.com\/ru\/shop\/quiet-small-household-touch-display-fascia-gun\/","title":{"rendered":"Quiet Small Household Touch Display Fascia Gun"},"content":{"rendered":"<p> <b>Product information:<\/b>  <\/p>\n<p> Motor type: brush motor <br \/> Life time: 3-5h <br \/> Power supply mode: charging\/power supply <br \/> Specifications: flagship (99 gears + 8 massage heads) silver, flagship (99 gears + 8 massage heads) gray, flagship (99 gears + 8 massage heads) green, storage (99 gears + 8 massage heads) silver, Storage type (99 files + 8 massage heads) gray, storage type (99 files + 8 massage heads) green <br \/> Function: Vibration massage, multi-speed adjustment, multi-speed frequency conversion <br \/> Control method: liquid crystal display <br \/> Applicable parts: muscle parts of the whole body <br \/> Body material: ABS+painting process <br \/> Rated frequency: 3200 <br \/> Rated power: 20W <br \/> Shell technology: ABS <\/p>\n<p> <b>Packing list:<\/b> <\/p>\n<p>Fascia gun\u00d71 charger\u00d71 massage head\u00d78 manual\u00d71<\/p>\n<p> <img decoding=\"async\" src=\"https:\/\/cf.cjdropshipping.com\/08b20626-2cd2-4389-9482-74c4ef52ea95.png\">  <\/p>\n<p> <img decoding=\"async\" src=\"https:\/\/cf.cjdropshipping.com\/ff625ce5-fa81-4fda-84a8-ca3add85b9ad.jpg\"> <img decoding=\"async\" src=\"https:\/\/cf.cjdropshipping.com\/9f64354f-dc94-4d06-be55-028700835df2.jpg\"> <img decoding=\"async\" src=\"https:\/\/cf.cjdropshipping.com\/4ae80718-c464-467b-87ef-873f715c6b93.png\"> <img decoding=\"async\" src=\"https:\/\/cf.cjdropshipping.com\/672fdf8e-359b-457c-9b08-8b1893fccaaa.png\"> <img decoding=\"async\" src=\"https:\/\/cf.cjdropshipping.com\/8330017c-da05-4bb6-868b-57f8828939b5.jpg\"> <img decoding=\"async\" src=\"https:\/\/cf.cjdropshipping.com\/ae3cebdc-37b2-48d2-9b78-80e5eaa47a2d.jpg\">  <\/p>","protected":false},"excerpt":{"rendered":"<p>Product information: Motor type: brush motor Life time: 3-5h Power supply mode: charging\/power supply Specifications: flagship (99 gears + 8 massage heads) silver, flagship (99 gears + 8 massage heads) gray, flagship (99 gears + 8 massage heads) green, storage (99 gears + 8 massage heads) silver, Storage type (99 files + 8 massage heads) [&hellip;]<\/p>\n","protected":false},"featured_media":340920,"comment_status":"open","ping_status":"closed","template":"","meta":{"_acf_changed":false},"product_cat":[262],"product_tag":[],"class_list":{"0":"post-340926","1":"product","2":"type-product","3":"status-publish","4":"has-post-thumbnail","6":"product_cat-skin-care","8":"first","9":"instock","10":"taxable","11":"shipping-taxable","12":"purchasable","13":"product-type-variable","swatches":"rey-swatches","show_selected":""},"acf":[],"yoast_head":"<!-- This site is optimized with the Yoast SEO plugin v27.2 - https:\/\/yoast.com\/product\/yoast-seo-wordpress\/ -->\n<title>Quiet Small Household Touch Display Fascia Gun - Iglomart.com<\/title>\n<meta name=\"robots\" content=\"index, follow, max-snippet:-1, max-image-preview:large, max-video-preview:-1\" \/>\n<link rel=\"canonical\" href=\"https:\/\/iglomart.com\/ru\/shop\/quiet-small-household-touch-display-fascia-gun\/\" \/>\n<meta property=\"og:locale\" content=\"ru_RU\" \/>\n<meta property=\"og:type\" content=\"article\" \/>\n<meta property=\"og:title\" content=\"Quiet Small Household Touch Display Fascia Gun - Iglomart.com\" \/>\n<meta property=\"og:description\" content=\"Product information: Motor type: brush motor Life time: 3-5h Power supply mode: charging\/power supply Specifications: flagship (99 gears + 8 massage heads) silver, flagship (99 gears + 8 massage heads) gray, flagship (99 gears + 8 massage heads) green, storage (99 gears + 8 massage heads) silver, Storage type (99 files + 8 massage heads) [&hellip;]\" \/>\n<meta property=\"og:url\" content=\"https:\/\/iglomart.com\/ru\/shop\/quiet-small-household-touch-display-fascia-gun\/\" \/>\n<meta property=\"og:site_name\" content=\"Iglomart.com\" \/>\n<meta property=\"article:modified_time\" content=\"2025-11-01T13:21:16+00:00\" \/>\n<meta property=\"og:image\" content=\"https:\/\/cf.cjdropshipping.com\/08b20626-2cd2-4389-9482-74c4ef52ea95.png\" \/>\n<meta name=\"twitter:card\" content=\"summary_large_image\" \/>\n<script type=\"application\/ld+json\" class=\"yoast-schema-graph\">{\"@context\":\"https:\/\/schema.org\",\"@graph\":[{\"@type\":\"WebPage\",\"@id\":\"https:\/\/iglomart.com\/shop\/quiet-small-household-touch-display-fascia-gun\/\",\"url\":\"https:\/\/iglomart.com\/shop\/quiet-small-household-touch-display-fascia-gun\/\",\"name\":\"Quiet Small Household Touch Display Fascia Gun - Iglomart.com\",\"isPartOf\":{\"@id\":\"https:\/\/iglomart.com\/#website\"},\"primaryImageOfPage\":{\"@id\":\"https:\/\/iglomart.com\/shop\/quiet-small-household-touch-display-fascia-gun\/#primaryimage\"},\"image\":{\"@id\":\"https:\/\/iglomart.com\/shop\/quiet-small-household-touch-display-fascia-gun\/#primaryimage\"},\"thumbnailUrl\":\"https:\/\/iglomart.com\/wp-content\/uploads\/2025\/11\/bf779275-2cbd-4e9d-aec3-9905ab10aeab.jpg\",\"datePublished\":\"2025-11-01T13:21:05+00:00\",\"dateModified\":\"2025-11-01T13:21:16+00:00\",\"breadcrumb\":{\"@id\":\"https:\/\/iglomart.com\/shop\/quiet-small-household-touch-display-fascia-gun\/#breadcrumb\"},\"inLanguage\":\"ru-RU\",\"potentialAction\":[{\"@type\":\"ReadAction\",\"target\":[\"https:\/\/iglomart.com\/shop\/quiet-small-household-touch-display-fascia-gun\/\"]}]},{\"@type\":\"ImageObject\",\"inLanguage\":\"ru-RU\",\"@id\":\"https:\/\/iglomart.com\/shop\/quiet-small-household-touch-display-fascia-gun\/#primaryimage\",\"url\":\"https:\/\/iglomart.com\/wp-content\/uploads\/2025\/11\/bf779275-2cbd-4e9d-aec3-9905ab10aeab.jpg\",\"contentUrl\":\"https:\/\/iglomart.com\/wp-content\/uploads\/2025\/11\/bf779275-2cbd-4e9d-aec3-9905ab10aeab.jpg\",\"width\":625,\"height\":626},{\"@type\":\"BreadcrumbList\",\"@id\":\"https:\/\/iglomart.com\/shop\/quiet-small-household-touch-display-fascia-gun\/#breadcrumb\",\"itemListElement\":[{\"@type\":\"ListItem\",\"position\":1,\"name\":\"Home\",\"item\":\"https:\/\/iglomart.com\/\"},{\"@type\":\"ListItem\",\"position\":2,\"name\":\"Products\",\"item\":\"https:\/\/iglomart.com\/shop\/\"},{\"@type\":\"ListItem\",\"position\":3,\"name\":\"Quiet Small Household Touch Display Fascia Gun\"}]},{\"@type\":\"WebSite\",\"@id\":\"https:\/\/iglomart.com\/#website\",\"url\":\"https:\/\/iglomart.com\/\",\"name\":\"Iglomart.com\",\"description\":\"\u10dd\u10dc\u10da\u10d0\u10d8\u10dc \u10db\u10d0\u10e6\u10d0\u10d6\u10d8\u10d0\",\"publisher\":{\"@id\":\"https:\/\/iglomart.com\/#organization\"},\"potentialAction\":[{\"@type\":\"SearchAction\",\"target\":{\"@type\":\"EntryPoint\",\"urlTemplate\":\"https:\/\/iglomart.com\/?s={search_term_string}\"},\"query-input\":{\"@type\":\"PropertyValueSpecification\",\"valueRequired\":true,\"valueName\":\"search_term_string\"}}],\"inLanguage\":\"ru-RU\"},{\"@type\":\"Organization\",\"@id\":\"https:\/\/iglomart.com\/#organization\",\"name\":\"Iglomart.com\",\"url\":\"https:\/\/iglomart.com\/\",\"logo\":{\"@type\":\"ImageObject\",\"inLanguage\":\"ru-RU\",\"@id\":\"https:\/\/iglomart.com\/#\/schema\/logo\/image\/\",\"url\":\"https:\/\/iglomart.com\/wp-content\/uploads\/2025\/07\/cropped-ChatGPT-Image-Nov-3-2025-11_58_56-PM-Photoroom-1.png\",\"contentUrl\":\"https:\/\/iglomart.com\/wp-content\/uploads\/2025\/07\/cropped-ChatGPT-Image-Nov-3-2025-11_58_56-PM-Photoroom-1.png\",\"width\":1279,\"height\":852,\"caption\":\"Iglomart.com\"},\"image\":{\"@id\":\"https:\/\/iglomart.com\/#\/schema\/logo\/image\/\"}}]}<\/script>\n<!-- \/ Yoast SEO plugin. -->","yoast_head_json":{"title":"Quiet Small Household Touch Display Fascia Gun - Iglomart.com","robots":{"index":"index","follow":"follow","max-snippet":"max-snippet:-1","max-image-preview":"max-image-preview:large","max-video-preview":"max-video-preview:-1"},"canonical":"https:\/\/iglomart.com\/ru\/shop\/quiet-small-household-touch-display-fascia-gun\/","og_locale":"ru_RU","og_type":"article","og_title":"Quiet Small Household Touch Display Fascia Gun - Iglomart.com","og_description":"Product information: Motor type: brush motor Life time: 3-5h Power supply mode: charging\/power supply Specifications: flagship (99 gears + 8 massage heads) silver, flagship (99 gears + 8 massage heads) gray, flagship (99 gears + 8 massage heads) green, storage (99 gears + 8 massage heads) silver, Storage type (99 files + 8 massage heads) [&hellip;]","og_url":"https:\/\/iglomart.com\/ru\/shop\/quiet-small-household-touch-display-fascia-gun\/","og_site_name":"Iglomart.com","article_modified_time":"2025-11-01T13:21:16+00:00","og_image":[{"url":"https:\/\/cf.cjdropshipping.com\/08b20626-2cd2-4389-9482-74c4ef52ea95.png","type":"","width":"","height":""}],"twitter_card":"summary_large_image","schema":{"@context":"https:\/\/schema.org","@graph":[{"@type":"WebPage","@id":"https:\/\/iglomart.com\/shop\/quiet-small-household-touch-display-fascia-gun\/","url":"https:\/\/iglomart.com\/shop\/quiet-small-household-touch-display-fascia-gun\/","name":"Quiet Small Household Touch Display Fascia Gun - Iglomart.com","isPartOf":{"@id":"https:\/\/iglomart.com\/#website"},"primaryImageOfPage":{"@id":"https:\/\/iglomart.com\/shop\/quiet-small-household-touch-display-fascia-gun\/#primaryimage"},"image":{"@id":"https:\/\/iglomart.com\/shop\/quiet-small-household-touch-display-fascia-gun\/#primaryimage"},"thumbnailUrl":"https:\/\/iglomart.com\/wp-content\/uploads\/2025\/11\/bf779275-2cbd-4e9d-aec3-9905ab10aeab.jpg","datePublished":"2025-11-01T13:21:05+00:00","dateModified":"2025-11-01T13:21:16+00:00","breadcrumb":{"@id":"https:\/\/iglomart.com\/shop\/quiet-small-household-touch-display-fascia-gun\/#breadcrumb"},"inLanguage":"ru-RU","potentialAction":[{"@type":"ReadAction","target":["https:\/\/iglomart.com\/shop\/quiet-small-household-touch-display-fascia-gun\/"]}]},{"@type":"ImageObject","inLanguage":"ru-RU","@id":"https:\/\/iglomart.com\/shop\/quiet-small-household-touch-display-fascia-gun\/#primaryimage","url":"https:\/\/iglomart.com\/wp-content\/uploads\/2025\/11\/bf779275-2cbd-4e9d-aec3-9905ab10aeab.jpg","contentUrl":"https:\/\/iglomart.com\/wp-content\/uploads\/2025\/11\/bf779275-2cbd-4e9d-aec3-9905ab10aeab.jpg","width":625,"height":626},{"@type":"BreadcrumbList","@id":"https:\/\/iglomart.com\/shop\/quiet-small-household-touch-display-fascia-gun\/#breadcrumb","itemListElement":[{"@type":"ListItem","position":1,"name":"Home","item":"https:\/\/iglomart.com\/"},{"@type":"ListItem","position":2,"name":"Products","item":"https:\/\/iglomart.com\/shop\/"},{"@type":"ListItem","position":3,"name":"Quiet Small Household Touch Display Fascia Gun"}]},{"@type":"WebSite","@id":"https:\/\/iglomart.com\/#website","url":"https:\/\/iglomart.com\/","name":"Iglomart.com","description":"\u10dd\u10dc\u10da\u10d0\u10d8\u10dc \u10db\u10d0\u10e6\u10d0\u10d6\u10d8\u10d0","publisher":{"@id":"https:\/\/iglomart.com\/#organization"},"potentialAction":[{"@type":"SearchAction","target":{"@type":"EntryPoint","urlTemplate":"https:\/\/iglomart.com\/?s={search_term_string}"},"query-input":{"@type":"PropertyValueSpecification","valueRequired":true,"valueName":"search_term_string"}}],"inLanguage":"ru-RU"},{"@type":"Organization","@id":"https:\/\/iglomart.com\/#organization","name":"Iglomart.com","url":"https:\/\/iglomart.com\/","logo":{"@type":"ImageObject","inLanguage":"ru-RU","@id":"https:\/\/iglomart.com\/#\/schema\/logo\/image\/","url":"https:\/\/iglomart.com\/wp-content\/uploads\/2025\/07\/cropped-ChatGPT-Image-Nov-3-2025-11_58_56-PM-Photoroom-1.png","contentUrl":"https:\/\/iglomart.com\/wp-content\/uploads\/2025\/07\/cropped-ChatGPT-Image-Nov-3-2025-11_58_56-PM-Photoroom-1.png","width":1279,"height":852,"caption":"Iglomart.com"},"image":{"@id":"https:\/\/iglomart.com\/#\/schema\/logo\/image\/"}}]}},"_links":{"self":[{"href":"https:\/\/iglomart.com\/ru\/wp-json\/wp\/v2\/product\/340926","targetHints":{"allow":["GET"]}}],"collection":[{"href":"https:\/\/iglomart.com\/ru\/wp-json\/wp\/v2\/product"}],"about":[{"href":"https:\/\/iglomart.com\/ru\/wp-json\/wp\/v2\/types\/product"}],"replies":[{"embeddable":true,"href":"https:\/\/iglomart.com\/ru\/wp-json\/wp\/v2\/comments?post=340926"}],"wp:featuredmedia":[{"embeddable":true,"href":"https:\/\/iglomart.com\/ru\/wp-json\/wp\/v2\/media\/340920"}],"wp:attachment":[{"href":"https:\/\/iglomart.com\/ru\/wp-json\/wp\/v2\/media?parent=340926"}],"wp:term":[{"taxonomy":"product_cat","embeddable":true,"href":"https:\/\/iglomart.com\/ru\/wp-json\/wp\/v2\/product_cat?post=340926"},{"taxonomy":"product_tag","embeddable":true,"href":"https:\/\/iglomart.com\/ru\/wp-json\/wp\/v2\/product_tag?post=340926"}],"curies":[{"name":"wp","href":"https:\/\/api.w.org\/{rel}","templated":true}]}}