{"id":669905,"date":"2025-12-07T01:01:12","date_gmt":"2025-12-06T21:01:12","guid":{"rendered":"https:\/\/iglomart.com\/?post_type=product&#038;p=669905"},"modified":"2025-12-07T01:01:12","modified_gmt":"2025-12-06T21:01:12","slug":"motorcycle-shock-absorber","status":"publish","type":"product","link":"https:\/\/iglomart.com\/ka\/shop\/motorcycle-shock-absorber\/","title":{"rendered":"Motorcycle shock absorber"},"content":{"rendered":"<p> Light source power: 35 (W) <br \/> Fit model: motorcycle <br \/> Matching relationship: Applicable <br \/> Material: glue filling <br \/> Protection level: A+ <br \/> Luminous flux: 100LM <\/p>\n<p> Voltaje: 12 V CC <br \/> Tama\u00f1o: aproximadamente 15,5&#215;1,1 cm6,1 x0,43 pulgadas <br \/> Color: \u00e1mbar <br \/> Nota: <br \/> Puede haber una desviaci\u00f3n de 1 a 3 cm debido a la medici\u00f3n manual. <br \/> Debido a la diferencia de luz y pantalla, el color del art\u00edculo puede ser ligeramente diferente al de las im\u00e1genes. <\/p>","protected":false},"excerpt":{"rendered":"<p>Light source power: 35 (W) Fit model: motorcycle Matching relationship: Applicable Material: glue filling Protection level: A+ Luminous flux: 100LM Voltaje: 12 V CC Tama\u00f1o: aproximadamente 15,5&#215;1,1 cm6,1 x0,43 pulgadas Color: \u00e1mbar Nota: Puede haber una desviaci\u00f3n de 1 a 3 cm debido a la medici\u00f3n manual. Debido a la diferencia de luz y pantalla, [&hellip;]<\/p>\n","protected":false},"featured_media":669897,"comment_status":"open","ping_status":"closed","template":"","meta":{"_acf_changed":false},"product_cat":[378],"product_tag":[],"class_list":{"0":"post-669905","1":"product","2":"type-product","3":"status-publish","4":"has-post-thumbnail","6":"product_cat-lighting","8":"first","9":"instock","10":"taxable","11":"shipping-taxable","12":"purchasable","13":"product-type-variable","swatches":"rey-swatches","show_selected":""},"acf":[],"yoast_head":"<!-- This site is optimized with the Yoast SEO plugin v27.2 - https:\/\/yoast.com\/product\/yoast-seo-wordpress\/ -->\n<title>Motorcycle shock absorber - Iglomart.com<\/title>\n<meta name=\"robots\" content=\"index, follow, max-snippet:-1, max-image-preview:large, max-video-preview:-1\" \/>\n<link rel=\"canonical\" href=\"https:\/\/iglomart.com\/ka\/shop\/motorcycle-shock-absorber\/\" \/>\n<meta property=\"og:locale\" content=\"ka_GE\" \/>\n<meta property=\"og:type\" content=\"article\" \/>\n<meta property=\"og:title\" content=\"Motorcycle shock absorber - Iglomart.com\" \/>\n<meta property=\"og:description\" content=\"Light source power: 35 (W) Fit model: motorcycle Matching relationship: Applicable Material: glue filling Protection level: A+ Luminous flux: 100LM Voltaje: 12 V CC Tama\u00f1o: aproximadamente 15,5&#215;1,1 cm6,1 x0,43 pulgadas Color: \u00e1mbar Nota: Puede haber una desviaci\u00f3n de 1 a 3 cm debido a la medici\u00f3n manual. Debido a la diferencia de luz y pantalla, [&hellip;]\" \/>\n<meta property=\"og:url\" content=\"https:\/\/iglomart.com\/ka\/shop\/motorcycle-shock-absorber\/\" \/>\n<meta property=\"og:site_name\" content=\"Iglomart.com\" \/>\n<meta property=\"og:image\" content=\"https:\/\/iglomart.com\/wp-content\/uploads\/2025\/12\/2070798835105.jpg\" \/>\n\t<meta property=\"og:image:width\" content=\"449\" \/>\n\t<meta property=\"og:image:height\" content=\"451\" \/>\n\t<meta property=\"og:image:type\" content=\"image\/jpeg\" \/>\n<meta name=\"twitter:card\" content=\"summary_large_image\" \/>\n<script type=\"application\/ld+json\" class=\"yoast-schema-graph\">{\"@context\":\"https:\/\/schema.org\",\"@graph\":[{\"@type\":\"WebPage\",\"@id\":\"https:\/\/iglomart.com\/shop\/motorcycle-shock-absorber\/\",\"url\":\"https:\/\/iglomart.com\/shop\/motorcycle-shock-absorber\/\",\"name\":\"Motorcycle shock absorber - Iglomart.com\",\"isPartOf\":{\"@id\":\"https:\/\/iglomart.com\/#website\"},\"primaryImageOfPage\":{\"@id\":\"https:\/\/iglomart.com\/shop\/motorcycle-shock-absorber\/#primaryimage\"},\"image\":{\"@id\":\"https:\/\/iglomart.com\/shop\/motorcycle-shock-absorber\/#primaryimage\"},\"thumbnailUrl\":\"https:\/\/iglomart.com\/wp-content\/uploads\/2025\/12\/2070798835105.jpg\",\"datePublished\":\"2025-12-06T21:01:12+00:00\",\"breadcrumb\":{\"@id\":\"https:\/\/iglomart.com\/shop\/motorcycle-shock-absorber\/#breadcrumb\"},\"inLanguage\":\"ka-GE\",\"potentialAction\":[{\"@type\":\"ReadAction\",\"target\":[\"https:\/\/iglomart.com\/shop\/motorcycle-shock-absorber\/\"]}]},{\"@type\":\"ImageObject\",\"inLanguage\":\"ka-GE\",\"@id\":\"https:\/\/iglomart.com\/shop\/motorcycle-shock-absorber\/#primaryimage\",\"url\":\"https:\/\/iglomart.com\/wp-content\/uploads\/2025\/12\/2070798835105.jpg\",\"contentUrl\":\"https:\/\/iglomart.com\/wp-content\/uploads\/2025\/12\/2070798835105.jpg\",\"width\":449,\"height\":451},{\"@type\":\"BreadcrumbList\",\"@id\":\"https:\/\/iglomart.com\/shop\/motorcycle-shock-absorber\/#breadcrumb\",\"itemListElement\":[{\"@type\":\"ListItem\",\"position\":1,\"name\":\"Home\",\"item\":\"https:\/\/iglomart.com\/\"},{\"@type\":\"ListItem\",\"position\":2,\"name\":\"Products\",\"item\":\"https:\/\/iglomart.com\/shop\/\"},{\"@type\":\"ListItem\",\"position\":3,\"name\":\"Motorcycle shock absorber\"}]},{\"@type\":\"WebSite\",\"@id\":\"https:\/\/iglomart.com\/#website\",\"url\":\"https:\/\/iglomart.com\/\",\"name\":\"Iglomart.com\",\"description\":\"\u10dd\u10dc\u10da\u10d0\u10d8\u10dc \u10db\u10d0\u10e6\u10d0\u10d6\u10d8\u10d0\",\"publisher\":{\"@id\":\"https:\/\/iglomart.com\/#organization\"},\"potentialAction\":[{\"@type\":\"SearchAction\",\"target\":{\"@type\":\"EntryPoint\",\"urlTemplate\":\"https:\/\/iglomart.com\/?s={search_term_string}\"},\"query-input\":{\"@type\":\"PropertyValueSpecification\",\"valueRequired\":true,\"valueName\":\"search_term_string\"}}],\"inLanguage\":\"ka-GE\"},{\"@type\":\"Organization\",\"@id\":\"https:\/\/iglomart.com\/#organization\",\"name\":\"Iglomart.com\",\"url\":\"https:\/\/iglomart.com\/\",\"logo\":{\"@type\":\"ImageObject\",\"inLanguage\":\"ka-GE\",\"@id\":\"https:\/\/iglomart.com\/#\/schema\/logo\/image\/\",\"url\":\"https:\/\/iglomart.com\/wp-content\/uploads\/2025\/07\/cropped-ChatGPT-Image-Nov-3-2025-11_58_56-PM-Photoroom-1.png\",\"contentUrl\":\"https:\/\/iglomart.com\/wp-content\/uploads\/2025\/07\/cropped-ChatGPT-Image-Nov-3-2025-11_58_56-PM-Photoroom-1.png\",\"width\":1279,\"height\":852,\"caption\":\"Iglomart.com\"},\"image\":{\"@id\":\"https:\/\/iglomart.com\/#\/schema\/logo\/image\/\"}}]}<\/script>\n<!-- \/ Yoast SEO plugin. -->","yoast_head_json":{"title":"Motorcycle shock absorber - Iglomart.com","robots":{"index":"index","follow":"follow","max-snippet":"max-snippet:-1","max-image-preview":"max-image-preview:large","max-video-preview":"max-video-preview:-1"},"canonical":"https:\/\/iglomart.com\/ka\/shop\/motorcycle-shock-absorber\/","og_locale":"ka_GE","og_type":"article","og_title":"Motorcycle shock absorber - Iglomart.com","og_description":"Light source power: 35 (W) Fit model: motorcycle Matching relationship: Applicable Material: glue filling Protection level: A+ Luminous flux: 100LM Voltaje: 12 V CC Tama\u00f1o: aproximadamente 15,5&#215;1,1 cm6,1 x0,43 pulgadas Color: \u00e1mbar Nota: Puede haber una desviaci\u00f3n de 1 a 3 cm debido a la medici\u00f3n manual. Debido a la diferencia de luz y pantalla, [&hellip;]","og_url":"https:\/\/iglomart.com\/ka\/shop\/motorcycle-shock-absorber\/","og_site_name":"Iglomart.com","og_image":[{"width":449,"height":451,"url":"https:\/\/iglomart.com\/wp-content\/uploads\/2025\/12\/2070798835105.jpg","type":"image\/jpeg"}],"twitter_card":"summary_large_image","schema":{"@context":"https:\/\/schema.org","@graph":[{"@type":"WebPage","@id":"https:\/\/iglomart.com\/shop\/motorcycle-shock-absorber\/","url":"https:\/\/iglomart.com\/shop\/motorcycle-shock-absorber\/","name":"Motorcycle shock absorber - Iglomart.com","isPartOf":{"@id":"https:\/\/iglomart.com\/#website"},"primaryImageOfPage":{"@id":"https:\/\/iglomart.com\/shop\/motorcycle-shock-absorber\/#primaryimage"},"image":{"@id":"https:\/\/iglomart.com\/shop\/motorcycle-shock-absorber\/#primaryimage"},"thumbnailUrl":"https:\/\/iglomart.com\/wp-content\/uploads\/2025\/12\/2070798835105.jpg","datePublished":"2025-12-06T21:01:12+00:00","breadcrumb":{"@id":"https:\/\/iglomart.com\/shop\/motorcycle-shock-absorber\/#breadcrumb"},"inLanguage":"ka-GE","potentialAction":[{"@type":"ReadAction","target":["https:\/\/iglomart.com\/shop\/motorcycle-shock-absorber\/"]}]},{"@type":"ImageObject","inLanguage":"ka-GE","@id":"https:\/\/iglomart.com\/shop\/motorcycle-shock-absorber\/#primaryimage","url":"https:\/\/iglomart.com\/wp-content\/uploads\/2025\/12\/2070798835105.jpg","contentUrl":"https:\/\/iglomart.com\/wp-content\/uploads\/2025\/12\/2070798835105.jpg","width":449,"height":451},{"@type":"BreadcrumbList","@id":"https:\/\/iglomart.com\/shop\/motorcycle-shock-absorber\/#breadcrumb","itemListElement":[{"@type":"ListItem","position":1,"name":"Home","item":"https:\/\/iglomart.com\/"},{"@type":"ListItem","position":2,"name":"Products","item":"https:\/\/iglomart.com\/shop\/"},{"@type":"ListItem","position":3,"name":"Motorcycle shock absorber"}]},{"@type":"WebSite","@id":"https:\/\/iglomart.com\/#website","url":"https:\/\/iglomart.com\/","name":"Iglomart.com","description":"\u10dd\u10dc\u10da\u10d0\u10d8\u10dc \u10db\u10d0\u10e6\u10d0\u10d6\u10d8\u10d0","publisher":{"@id":"https:\/\/iglomart.com\/#organization"},"potentialAction":[{"@type":"SearchAction","target":{"@type":"EntryPoint","urlTemplate":"https:\/\/iglomart.com\/?s={search_term_string}"},"query-input":{"@type":"PropertyValueSpecification","valueRequired":true,"valueName":"search_term_string"}}],"inLanguage":"ka-GE"},{"@type":"Organization","@id":"https:\/\/iglomart.com\/#organization","name":"Iglomart.com","url":"https:\/\/iglomart.com\/","logo":{"@type":"ImageObject","inLanguage":"ka-GE","@id":"https:\/\/iglomart.com\/#\/schema\/logo\/image\/","url":"https:\/\/iglomart.com\/wp-content\/uploads\/2025\/07\/cropped-ChatGPT-Image-Nov-3-2025-11_58_56-PM-Photoroom-1.png","contentUrl":"https:\/\/iglomart.com\/wp-content\/uploads\/2025\/07\/cropped-ChatGPT-Image-Nov-3-2025-11_58_56-PM-Photoroom-1.png","width":1279,"height":852,"caption":"Iglomart.com"},"image":{"@id":"https:\/\/iglomart.com\/#\/schema\/logo\/image\/"}}]}},"_links":{"self":[{"href":"https:\/\/iglomart.com\/ka\/wp-json\/wp\/v2\/product\/669905","targetHints":{"allow":["GET"]}}],"collection":[{"href":"https:\/\/iglomart.com\/ka\/wp-json\/wp\/v2\/product"}],"about":[{"href":"https:\/\/iglomart.com\/ka\/wp-json\/wp\/v2\/types\/product"}],"replies":[{"embeddable":true,"href":"https:\/\/iglomart.com\/ka\/wp-json\/wp\/v2\/comments?post=669905"}],"wp:featuredmedia":[{"embeddable":true,"href":"https:\/\/iglomart.com\/ka\/wp-json\/wp\/v2\/media\/669897"}],"wp:attachment":[{"href":"https:\/\/iglomart.com\/ka\/wp-json\/wp\/v2\/media?parent=669905"}],"wp:term":[{"taxonomy":"product_cat","embeddable":true,"href":"https:\/\/iglomart.com\/ka\/wp-json\/wp\/v2\/product_cat?post=669905"},{"taxonomy":"product_tag","embeddable":true,"href":"https:\/\/iglomart.com\/ka\/wp-json\/wp\/v2\/product_tag?post=669905"}],"curies":[{"name":"wp","href":"https:\/\/api.w.org\/{rel}","templated":true}]}}