{"id":671368,"date":"2025-12-07T00:59:31","date_gmt":"2025-12-06T20:59:31","guid":{"rendered":"https:\/\/iglomart.com\/?post_type=product&#038;p=671368"},"modified":"2025-12-07T00:59:31","modified_gmt":"2025-12-06T20:59:31","slug":"battery-charger-full-intelligent-repair-for-car-m","status":"publish","type":"product","link":"https:\/\/iglomart.com\/de\/shop\/battery-charger-full-intelligent-repair-for-car-m\/","title":{"rendered":"Battery Charger Full Intelligent Repair For Car M"},"content":{"rendered":"<p> <b>Product&nbsp;Information<\/b>  <\/p>\n<p>Microprocessor Control (CPU).<\/p>\n<p> 1. 3-STAGE AUTOMATIC CHARGING: <\/p>\n<p> 2. This is a fully automatic battery charger with 3 charge stages. <\/p>\n<p> 3. Automatic charging protects your battery from being overcharged. So you can leave the charger connected to the battery indefinitely. <\/p>\n<p> 4. 3-stage chargers are suitable for most battery types including Calcium, Gel and AGM, Wet batteries. They may also help restore drained and sulphated batteries. <\/p>\n<p> 5. Types of batteries: Most types of lead acid batteries including Calcium, GEL and AGM, Wet,EFB, etc.  <\/p>\n<p> <\/p>\n<p> <b>Size&nbsp;Information<\/b> <\/p>\n<p> <span style=\"font-size: 1em\">One size<\/span> <\/p>\n<p>Dimension (L\u00d7W\u00d7H): 150\u00d785\u00d760mm<\/p>\n<p> <\/p>\n<p> <b style=\"font-size: 1em\">Note<\/b>  <\/p>\n<p>This Charger is for battery capacity between 4AH to 100AH<\/p>\n<p> <\/p>\n<p> Pls check the capacity (AH) of your battery before buying the charger! Thanks!  <\/p>\n<p> <\/p>\n<p> <b style=\"font-size: 1em\">Packing&nbsp;List<\/b>  <\/p>\n<p> 1 X 12V 6A LCD Battery Charger  <\/p>\n<p> <img decoding=\"async\" src=\"https:\/\/cf.cjdropshipping.com\/1615878793827.jpg\">  <\/p>\n<p> <img decoding=\"async\" src=\"https:\/\/cf.cjdropshipping.com\/1615878801648.jpg\">  <\/p>\n<p> <img decoding=\"async\" src=\"https:\/\/cf.cjdropshipping.com\/1615878806647.jpg\"> <img decoding=\"async\" src=\"https:\/\/cf.cjdropshipping.com\/1615878814696.png\">  <\/p>\n<p> <img decoding=\"async\" src=\"https:\/\/cf.cjdropshipping.com\/1615878819312.png\">  <\/p>","protected":false},"excerpt":{"rendered":"<p>Product&nbsp;Information Microprocessor Control (CPU). 1. 3-STAGE AUTOMATIC CHARGING: 2. This is a fully automatic battery charger with 3 charge stages. 3. Automatic charging protects your battery from being overcharged. So you can leave the charger connected to the battery indefinitely. 4. 3-stage chargers are suitable for most battery types including Calcium, Gel and AGM, Wet [&hellip;]<\/p>\n","protected":false},"featured_media":671363,"comment_status":"open","ping_status":"closed","template":"","meta":{"_acf_changed":false},"product_cat":[380],"product_tag":[],"class_list":{"0":"post-671368","1":"product","2":"type-product","3":"status-publish","4":"has-post-thumbnail","6":"product_cat-motor-brake-system","8":"first","9":"instock","10":"taxable","11":"shipping-taxable","12":"purchasable","13":"product-type-variable","swatches":"rey-swatches","show_selected":""},"acf":[],"yoast_head":"<!-- This site is optimized with the Yoast SEO plugin v27.2 - https:\/\/yoast.com\/product\/yoast-seo-wordpress\/ -->\n<title>Battery Charger Full Intelligent Repair For Car M - Iglomart.com<\/title>\n<meta name=\"robots\" content=\"index, follow, max-snippet:-1, max-image-preview:large, max-video-preview:-1\" \/>\n<link rel=\"canonical\" href=\"https:\/\/iglomart.com\/de\/shop\/battery-charger-full-intelligent-repair-for-car-m\/\" \/>\n<meta property=\"og:locale\" content=\"de_DE\" \/>\n<meta property=\"og:type\" content=\"article\" \/>\n<meta property=\"og:title\" content=\"Battery Charger Full Intelligent Repair For Car M - Iglomart.com\" \/>\n<meta property=\"og:description\" content=\"Product&nbsp;Information Microprocessor Control (CPU). 1. 3-STAGE AUTOMATIC CHARGING: 2. This is a fully automatic battery charger with 3 charge stages. 3. Automatic charging protects your battery from being overcharged. So you can leave the charger connected to the battery indefinitely. 4. 3-stage chargers are suitable for most battery types including Calcium, Gel and AGM, Wet [&hellip;]\" \/>\n<meta property=\"og:url\" content=\"https:\/\/iglomart.com\/de\/shop\/battery-charger-full-intelligent-repair-for-car-m\/\" \/>\n<meta property=\"og:site_name\" content=\"Iglomart.com\" \/>\n<meta property=\"og:image\" content=\"https:\/\/iglomart.com\/wp-content\/uploads\/2025\/12\/1615878826098.jpg\" \/>\n\t<meta property=\"og:image:width\" content=\"1000\" \/>\n\t<meta property=\"og:image:height\" content=\"1000\" \/>\n\t<meta property=\"og:image:type\" content=\"image\/jpeg\" \/>\n<meta name=\"twitter:card\" content=\"summary_large_image\" \/>\n<meta name=\"twitter:label1\" content=\"Gesch\u00e4tzte Lesezeit\" \/>\n\t<meta name=\"twitter:data1\" content=\"1\u00a0Minute\" \/>\n<script type=\"application\/ld+json\" class=\"yoast-schema-graph\">{\"@context\":\"https:\/\/schema.org\",\"@graph\":[{\"@type\":\"WebPage\",\"@id\":\"https:\/\/iglomart.com\/shop\/battery-charger-full-intelligent-repair-for-car-m\/\",\"url\":\"https:\/\/iglomart.com\/shop\/battery-charger-full-intelligent-repair-for-car-m\/\",\"name\":\"Battery Charger Full Intelligent Repair For Car M - Iglomart.com\",\"isPartOf\":{\"@id\":\"https:\/\/iglomart.com\/#website\"},\"primaryImageOfPage\":{\"@id\":\"https:\/\/iglomart.com\/shop\/battery-charger-full-intelligent-repair-for-car-m\/#primaryimage\"},\"image\":{\"@id\":\"https:\/\/iglomart.com\/shop\/battery-charger-full-intelligent-repair-for-car-m\/#primaryimage\"},\"thumbnailUrl\":\"https:\/\/iglomart.com\/wp-content\/uploads\/2025\/12\/1615878826098.jpg\",\"datePublished\":\"2025-12-06T20:59:31+00:00\",\"breadcrumb\":{\"@id\":\"https:\/\/iglomart.com\/shop\/battery-charger-full-intelligent-repair-for-car-m\/#breadcrumb\"},\"inLanguage\":\"de\",\"potentialAction\":[{\"@type\":\"ReadAction\",\"target\":[\"https:\/\/iglomart.com\/shop\/battery-charger-full-intelligent-repair-for-car-m\/\"]}]},{\"@type\":\"ImageObject\",\"inLanguage\":\"de\",\"@id\":\"https:\/\/iglomart.com\/shop\/battery-charger-full-intelligent-repair-for-car-m\/#primaryimage\",\"url\":\"https:\/\/iglomart.com\/wp-content\/uploads\/2025\/12\/1615878826098.jpg\",\"contentUrl\":\"https:\/\/iglomart.com\/wp-content\/uploads\/2025\/12\/1615878826098.jpg\",\"width\":1000,\"height\":1000},{\"@type\":\"BreadcrumbList\",\"@id\":\"https:\/\/iglomart.com\/shop\/battery-charger-full-intelligent-repair-for-car-m\/#breadcrumb\",\"itemListElement\":[{\"@type\":\"ListItem\",\"position\":1,\"name\":\"Home\",\"item\":\"https:\/\/iglomart.com\/\"},{\"@type\":\"ListItem\",\"position\":2,\"name\":\"Products\",\"item\":\"https:\/\/iglomart.com\/shop\/\"},{\"@type\":\"ListItem\",\"position\":3,\"name\":\"Battery Charger Full Intelligent Repair For Car M\"}]},{\"@type\":\"WebSite\",\"@id\":\"https:\/\/iglomart.com\/#website\",\"url\":\"https:\/\/iglomart.com\/\",\"name\":\"Iglomart.com\",\"description\":\"\u10dd\u10dc\u10da\u10d0\u10d8\u10dc \u10db\u10d0\u10e6\u10d0\u10d6\u10d8\u10d0\",\"publisher\":{\"@id\":\"https:\/\/iglomart.com\/#organization\"},\"potentialAction\":[{\"@type\":\"SearchAction\",\"target\":{\"@type\":\"EntryPoint\",\"urlTemplate\":\"https:\/\/iglomart.com\/?s={search_term_string}\"},\"query-input\":{\"@type\":\"PropertyValueSpecification\",\"valueRequired\":true,\"valueName\":\"search_term_string\"}}],\"inLanguage\":\"de\"},{\"@type\":\"Organization\",\"@id\":\"https:\/\/iglomart.com\/#organization\",\"name\":\"Iglomart.com\",\"url\":\"https:\/\/iglomart.com\/\",\"logo\":{\"@type\":\"ImageObject\",\"inLanguage\":\"de\",\"@id\":\"https:\/\/iglomart.com\/#\/schema\/logo\/image\/\",\"url\":\"https:\/\/iglomart.com\/wp-content\/uploads\/2025\/07\/cropped-ChatGPT-Image-Nov-3-2025-11_58_56-PM-Photoroom-1.png\",\"contentUrl\":\"https:\/\/iglomart.com\/wp-content\/uploads\/2025\/07\/cropped-ChatGPT-Image-Nov-3-2025-11_58_56-PM-Photoroom-1.png\",\"width\":1279,\"height\":852,\"caption\":\"Iglomart.com\"},\"image\":{\"@id\":\"https:\/\/iglomart.com\/#\/schema\/logo\/image\/\"}}]}<\/script>\n<!-- \/ Yoast SEO plugin. -->","yoast_head_json":{"title":"Battery Charger Full Intelligent Repair For Car M - Iglomart.com","robots":{"index":"index","follow":"follow","max-snippet":"max-snippet:-1","max-image-preview":"max-image-preview:large","max-video-preview":"max-video-preview:-1"},"canonical":"https:\/\/iglomart.com\/de\/shop\/battery-charger-full-intelligent-repair-for-car-m\/","og_locale":"de_DE","og_type":"article","og_title":"Battery Charger Full Intelligent Repair For Car M - Iglomart.com","og_description":"Product&nbsp;Information Microprocessor Control (CPU). 1. 3-STAGE AUTOMATIC CHARGING: 2. This is a fully automatic battery charger with 3 charge stages. 3. Automatic charging protects your battery from being overcharged. So you can leave the charger connected to the battery indefinitely. 4. 3-stage chargers are suitable for most battery types including Calcium, Gel and AGM, Wet [&hellip;]","og_url":"https:\/\/iglomart.com\/de\/shop\/battery-charger-full-intelligent-repair-for-car-m\/","og_site_name":"Iglomart.com","og_image":[{"width":1000,"height":1000,"url":"https:\/\/iglomart.com\/wp-content\/uploads\/2025\/12\/1615878826098.jpg","type":"image\/jpeg"}],"twitter_card":"summary_large_image","twitter_misc":{"Gesch\u00e4tzte Lesezeit":"1\u00a0Minute"},"schema":{"@context":"https:\/\/schema.org","@graph":[{"@type":"WebPage","@id":"https:\/\/iglomart.com\/shop\/battery-charger-full-intelligent-repair-for-car-m\/","url":"https:\/\/iglomart.com\/shop\/battery-charger-full-intelligent-repair-for-car-m\/","name":"Battery Charger Full Intelligent Repair For Car M - Iglomart.com","isPartOf":{"@id":"https:\/\/iglomart.com\/#website"},"primaryImageOfPage":{"@id":"https:\/\/iglomart.com\/shop\/battery-charger-full-intelligent-repair-for-car-m\/#primaryimage"},"image":{"@id":"https:\/\/iglomart.com\/shop\/battery-charger-full-intelligent-repair-for-car-m\/#primaryimage"},"thumbnailUrl":"https:\/\/iglomart.com\/wp-content\/uploads\/2025\/12\/1615878826098.jpg","datePublished":"2025-12-06T20:59:31+00:00","breadcrumb":{"@id":"https:\/\/iglomart.com\/shop\/battery-charger-full-intelligent-repair-for-car-m\/#breadcrumb"},"inLanguage":"de","potentialAction":[{"@type":"ReadAction","target":["https:\/\/iglomart.com\/shop\/battery-charger-full-intelligent-repair-for-car-m\/"]}]},{"@type":"ImageObject","inLanguage":"de","@id":"https:\/\/iglomart.com\/shop\/battery-charger-full-intelligent-repair-for-car-m\/#primaryimage","url":"https:\/\/iglomart.com\/wp-content\/uploads\/2025\/12\/1615878826098.jpg","contentUrl":"https:\/\/iglomart.com\/wp-content\/uploads\/2025\/12\/1615878826098.jpg","width":1000,"height":1000},{"@type":"BreadcrumbList","@id":"https:\/\/iglomart.com\/shop\/battery-charger-full-intelligent-repair-for-car-m\/#breadcrumb","itemListElement":[{"@type":"ListItem","position":1,"name":"Home","item":"https:\/\/iglomart.com\/"},{"@type":"ListItem","position":2,"name":"Products","item":"https:\/\/iglomart.com\/shop\/"},{"@type":"ListItem","position":3,"name":"Battery Charger Full Intelligent Repair For Car M"}]},{"@type":"WebSite","@id":"https:\/\/iglomart.com\/#website","url":"https:\/\/iglomart.com\/","name":"Iglomart.com","description":"\u10dd\u10dc\u10da\u10d0\u10d8\u10dc \u10db\u10d0\u10e6\u10d0\u10d6\u10d8\u10d0","publisher":{"@id":"https:\/\/iglomart.com\/#organization"},"potentialAction":[{"@type":"SearchAction","target":{"@type":"EntryPoint","urlTemplate":"https:\/\/iglomart.com\/?s={search_term_string}"},"query-input":{"@type":"PropertyValueSpecification","valueRequired":true,"valueName":"search_term_string"}}],"inLanguage":"de"},{"@type":"Organization","@id":"https:\/\/iglomart.com\/#organization","name":"Iglomart.com","url":"https:\/\/iglomart.com\/","logo":{"@type":"ImageObject","inLanguage":"de","@id":"https:\/\/iglomart.com\/#\/schema\/logo\/image\/","url":"https:\/\/iglomart.com\/wp-content\/uploads\/2025\/07\/cropped-ChatGPT-Image-Nov-3-2025-11_58_56-PM-Photoroom-1.png","contentUrl":"https:\/\/iglomart.com\/wp-content\/uploads\/2025\/07\/cropped-ChatGPT-Image-Nov-3-2025-11_58_56-PM-Photoroom-1.png","width":1279,"height":852,"caption":"Iglomart.com"},"image":{"@id":"https:\/\/iglomart.com\/#\/schema\/logo\/image\/"}}]}},"_links":{"self":[{"href":"https:\/\/iglomart.com\/de\/wp-json\/wp\/v2\/product\/671368","targetHints":{"allow":["GET"]}}],"collection":[{"href":"https:\/\/iglomart.com\/de\/wp-json\/wp\/v2\/product"}],"about":[{"href":"https:\/\/iglomart.com\/de\/wp-json\/wp\/v2\/types\/product"}],"replies":[{"embeddable":true,"href":"https:\/\/iglomart.com\/de\/wp-json\/wp\/v2\/comments?post=671368"}],"wp:featuredmedia":[{"embeddable":true,"href":"https:\/\/iglomart.com\/de\/wp-json\/wp\/v2\/media\/671363"}],"wp:attachment":[{"href":"https:\/\/iglomart.com\/de\/wp-json\/wp\/v2\/media?parent=671368"}],"wp:term":[{"taxonomy":"product_cat","embeddable":true,"href":"https:\/\/iglomart.com\/de\/wp-json\/wp\/v2\/product_cat?post=671368"},{"taxonomy":"product_tag","embeddable":true,"href":"https:\/\/iglomart.com\/de\/wp-json\/wp\/v2\/product_tag?post=671368"}],"curies":[{"name":"wp","href":"https:\/\/api.w.org\/{rel}","templated":true}]}}