{"id":341522,"date":"2025-11-01T17:36:44","date_gmt":"2025-11-01T13:36:44","guid":{"rendered":"https:\/\/iglomart.com\/shop\/hair-coloring-makeup-mirrors-360-no-blind-spot-foldable-mirrors\/"},"modified":"2025-11-01T17:36:51","modified_gmt":"2025-11-01T13:36:51","slug":"hair-coloring-makeup-mirrors-360-no-blind-spot-foldable-mirrors","status":"publish","type":"product","link":"https:\/\/iglomart.com\/de\/shop\/hair-coloring-makeup-mirrors-360-no-blind-spot-foldable-mirrors\/","title":{"rendered":"Hair Coloring Makeup Mirrors 360 No Blind Spot Foldable Mirrors"},"content":{"rendered":"<p> Overview\uff1a <br \/> 100% Brand new and high quality. <br \/> Multiple applications. <br \/> Foldable for easy carry. <br \/> Ideal for travel and use. <br \/> See yourself from a whole new angle. <br \/> You can check almost every part of your face with it. <br \/> An absolutely practical tool for everyday use. <br \/> This quarter sided compact features a standard mirror for real image. While the 4 sides mirror(multi-reflector) holds almost any angles visibilities for mjore detailed viewing.&nbsp;&nbsp; <\/p>\n<table width=\"95%\" align=\"center\" border=\"0\">\n<tbody>\n<tr>\n<td>\n<table width=\"100%\" border=\"0\">\n<tbody>\n<tr><\/tr>\n<tr>\n<td>\n<p> <strong>W<\/strong> <\/p>\n<table cellspacing=\"1\" cellpadding=\"0\" align=\"center\" border=\"0\">\n<tbody>\n<tr>\n<td>\n<div>\n<div>\n              <strong> <\/p>\n<p>                 Caract\u00e9ristiques:<br \/>\n                <\/strong> &nbsp;<br \/>\n              <br \/> \n             <\/div>\n<div>\n               Description:<br \/>\n              <br \/> Type d&#8217;article: miroir de maquillage<br \/>\n              <br \/> Couleur: noir<br \/>\n              <br \/> Occasion: Polyvalent<br \/>\n              <br \/> Style: miroir 4 plis<br \/>\n              <br \/> Mat\u00e9riau: verre, plastique<br \/>\n              <br \/> Caract\u00e9ristiques:<br \/>\n              <br \/> 100% tout neuf et de haute qualit\u00e9.<br \/>\n              <br \/> Plusieurs applications.<br \/>\n              <br \/> Pliable pour un transport facile.<br \/>\n              <br \/> Id\u00e9al pour les voyages et l&#8217;utilisation.<br \/>\n              <br \/> Voyez-vous sous un tout autre angle.<br \/>\n              <br \/> Vous pouvez v\u00e9rifier presque toutes les parties de votre visage avec elle.<br \/>\n              <br \/> Un outil absolument pratique pour un usage quotidien.<br \/>\n              <br \/> Cette compacte quart de face dispose d&#8217;un miroir standard pour une image r\u00e9elle. Tandis que le miroir 4 c\u00f4t\u00e9s (multi-r\u00e9flecteur) d\u00e9tient presque tous les angles de vision pour une visualisation plus d\u00e9taill\u00e9e.<br \/>\n              <br \/> \n             <\/div>\n<p>               &nbsp; <\/p><\/div>\n<div>\n             <strong>Paquet Inclus:<\/strong> &nbsp;<br \/>\n             <br \/> \n            <\/div>\n<p> 1pcs x 4-folds mirror <\/p>\n<p>&nbsp;<\/p>\n<p>&nbsp;<\/p>\n<div>\n<h2>PRODUCT DISPLAY<\/h2>\n<table cellpadding=\"8\" width=\"95%\" align=\"center\" border=\"0\">\n<tbody>\n<tr>\n<td> <strong><\/strong> <\/td>\n<\/tr>\n<\/tbody>\n<\/table>\n<p align=\"left\">&nbsp;<\/p>\n<p> <img decoding=\"async\" src=\"https:\/\/cf.cjdropshipping.com\/16778016\/1631542414059638784.jpg\"> <\/p>\n<p> <img decoding=\"async\" src=\"https:\/\/cf.cjdropshipping.com\/16778016\/1631542414776864768.jpg\"> <\/p>\n<p> <img decoding=\"async\" src=\"https:\/\/cf.cjdropshipping.com\/16778016\/1631542415150157824.jpg\"> <\/p>\n<p> <img decoding=\"async\" src=\"https:\/\/cf.cjdropshipping.com\/16778016\/1631542416370700288.jpg\"> <\/p>\n<p> <img decoding=\"async\" src=\"https:\/\/cf.cjdropshipping.com\/16778016\/1631542417054371840.jpg\"> <\/p>\n<p> <img decoding=\"async\" src=\"https:\/\/cf.cjdropshipping.com\/16778016\/1631542417377333248.jpg\"> <\/p>\n<p> <img decoding=\"async\" src=\"https:\/\/cf.cjdropshipping.com\/16778016\/1631542417620602880.jpg\"> <\/p>\n<\/p><\/div>\n<\/td>\n<\/tr>\n<\/tbody>\n<\/table>\n<\/td>\n<\/tr>\n<\/tbody>\n<\/table>\n<\/td>\n<\/tr>\n<\/tbody>\n<\/table>","protected":false},"excerpt":{"rendered":"<p>Overview\uff1a 100% Brand new and high quality. Multiple applications. Foldable for easy carry. Ideal for travel and use. See yourself from a whole new angle. You can check almost every part of your face with it. An absolutely practical tool for everyday use. This quarter sided compact features a standard mirror for real image. While [&hellip;]<\/p>\n","protected":false},"featured_media":341521,"comment_status":"open","ping_status":"closed","template":"","meta":{"_acf_changed":false},"product_cat":[262],"product_tag":[],"class_list":{"0":"post-341522","1":"product","2":"type-product","3":"status-publish","4":"has-post-thumbnail","6":"product_cat-skin-care","8":"first","9":"instock","10":"taxable","11":"shipping-taxable","12":"purchasable","13":"product-type-variable","swatches":"rey-swatches","show_selected":""},"acf":[],"yoast_head":"<!-- This site is optimized with the Yoast SEO plugin v27.2 - https:\/\/yoast.com\/product\/yoast-seo-wordpress\/ -->\n<title>Hair Coloring Makeup Mirrors 360 No Blind Spot Foldable Mirrors - Iglomart.com<\/title>\n<meta name=\"robots\" content=\"index, follow, max-snippet:-1, max-image-preview:large, max-video-preview:-1\" \/>\n<link rel=\"canonical\" href=\"https:\/\/iglomart.com\/de\/shop\/hair-coloring-makeup-mirrors-360-no-blind-spot-foldable-mirrors\/\" \/>\n<meta property=\"og:locale\" content=\"de_DE\" \/>\n<meta property=\"og:type\" content=\"article\" \/>\n<meta property=\"og:title\" content=\"Hair Coloring Makeup Mirrors 360 No Blind Spot Foldable Mirrors - Iglomart.com\" \/>\n<meta property=\"og:description\" content=\"Overview\uff1a 100% Brand new and high quality. Multiple applications. Foldable for easy carry. Ideal for travel and use. See yourself from a whole new angle. You can check almost every part of your face with it. An absolutely practical tool for everyday use. This quarter sided compact features a standard mirror for real image. While [&hellip;]\" \/>\n<meta property=\"og:url\" content=\"https:\/\/iglomart.com\/de\/shop\/hair-coloring-makeup-mirrors-360-no-blind-spot-foldable-mirrors\/\" \/>\n<meta property=\"og:site_name\" content=\"Iglomart.com\" \/>\n<meta property=\"article:modified_time\" content=\"2025-11-01T13:36:51+00:00\" \/>\n<meta property=\"og:image\" content=\"https:\/\/cf.cjdropshipping.com\/16778016\/1631542414059638784.jpg\" \/>\n<meta name=\"twitter:card\" content=\"summary_large_image\" \/>\n<meta name=\"twitter:label1\" content=\"Gesch\u00e4tzte Lesezeit\" \/>\n\t<meta name=\"twitter:data1\" content=\"1\u00a0Minute\" \/>\n<script type=\"application\/ld+json\" class=\"yoast-schema-graph\">{\"@context\":\"https:\/\/schema.org\",\"@graph\":[{\"@type\":\"WebPage\",\"@id\":\"https:\/\/iglomart.com\/shop\/hair-coloring-makeup-mirrors-360-no-blind-spot-foldable-mirrors\/\",\"url\":\"https:\/\/iglomart.com\/shop\/hair-coloring-makeup-mirrors-360-no-blind-spot-foldable-mirrors\/\",\"name\":\"Hair Coloring Makeup Mirrors 360 No Blind Spot Foldable Mirrors - Iglomart.com\",\"isPartOf\":{\"@id\":\"https:\/\/iglomart.com\/#website\"},\"primaryImageOfPage\":{\"@id\":\"https:\/\/iglomart.com\/shop\/hair-coloring-makeup-mirrors-360-no-blind-spot-foldable-mirrors\/#primaryimage\"},\"image\":{\"@id\":\"https:\/\/iglomart.com\/shop\/hair-coloring-makeup-mirrors-360-no-blind-spot-foldable-mirrors\/#primaryimage\"},\"thumbnailUrl\":\"https:\/\/iglomart.com\/wp-content\/uploads\/2025\/11\/7213234744900.jpg\",\"datePublished\":\"2025-11-01T13:36:44+00:00\",\"dateModified\":\"2025-11-01T13:36:51+00:00\",\"breadcrumb\":{\"@id\":\"https:\/\/iglomart.com\/shop\/hair-coloring-makeup-mirrors-360-no-blind-spot-foldable-mirrors\/#breadcrumb\"},\"inLanguage\":\"de\",\"potentialAction\":[{\"@type\":\"ReadAction\",\"target\":[\"https:\/\/iglomart.com\/shop\/hair-coloring-makeup-mirrors-360-no-blind-spot-foldable-mirrors\/\"]}]},{\"@type\":\"ImageObject\",\"inLanguage\":\"de\",\"@id\":\"https:\/\/iglomart.com\/shop\/hair-coloring-makeup-mirrors-360-no-blind-spot-foldable-mirrors\/#primaryimage\",\"url\":\"https:\/\/iglomart.com\/wp-content\/uploads\/2025\/11\/7213234744900.jpg\",\"contentUrl\":\"https:\/\/iglomart.com\/wp-content\/uploads\/2025\/11\/7213234744900.jpg\",\"width\":1001,\"height\":1001},{\"@type\":\"BreadcrumbList\",\"@id\":\"https:\/\/iglomart.com\/shop\/hair-coloring-makeup-mirrors-360-no-blind-spot-foldable-mirrors\/#breadcrumb\",\"itemListElement\":[{\"@type\":\"ListItem\",\"position\":1,\"name\":\"Home\",\"item\":\"https:\/\/iglomart.com\/\"},{\"@type\":\"ListItem\",\"position\":2,\"name\":\"Products\",\"item\":\"https:\/\/iglomart.com\/shop\/\"},{\"@type\":\"ListItem\",\"position\":3,\"name\":\"Hair Coloring Makeup Mirrors 360 No Blind Spot Foldable Mirrors\"}]},{\"@type\":\"WebSite\",\"@id\":\"https:\/\/iglomart.com\/#website\",\"url\":\"https:\/\/iglomart.com\/\",\"name\":\"Iglomart.com\",\"description\":\"\u10dd\u10dc\u10da\u10d0\u10d8\u10dc \u10db\u10d0\u10e6\u10d0\u10d6\u10d8\u10d0\",\"publisher\":{\"@id\":\"https:\/\/iglomart.com\/#organization\"},\"potentialAction\":[{\"@type\":\"SearchAction\",\"target\":{\"@type\":\"EntryPoint\",\"urlTemplate\":\"https:\/\/iglomart.com\/?s={search_term_string}\"},\"query-input\":{\"@type\":\"PropertyValueSpecification\",\"valueRequired\":true,\"valueName\":\"search_term_string\"}}],\"inLanguage\":\"de\"},{\"@type\":\"Organization\",\"@id\":\"https:\/\/iglomart.com\/#organization\",\"name\":\"Iglomart.com\",\"url\":\"https:\/\/iglomart.com\/\",\"logo\":{\"@type\":\"ImageObject\",\"inLanguage\":\"de\",\"@id\":\"https:\/\/iglomart.com\/#\/schema\/logo\/image\/\",\"url\":\"https:\/\/iglomart.com\/wp-content\/uploads\/2025\/07\/cropped-ChatGPT-Image-Nov-3-2025-11_58_56-PM-Photoroom-1.png\",\"contentUrl\":\"https:\/\/iglomart.com\/wp-content\/uploads\/2025\/07\/cropped-ChatGPT-Image-Nov-3-2025-11_58_56-PM-Photoroom-1.png\",\"width\":1279,\"height\":852,\"caption\":\"Iglomart.com\"},\"image\":{\"@id\":\"https:\/\/iglomart.com\/#\/schema\/logo\/image\/\"}}]}<\/script>\n<!-- \/ Yoast SEO plugin. -->","yoast_head_json":{"title":"Hair Coloring Makeup Mirrors 360 No Blind Spot Foldable Mirrors - Iglomart.com","robots":{"index":"index","follow":"follow","max-snippet":"max-snippet:-1","max-image-preview":"max-image-preview:large","max-video-preview":"max-video-preview:-1"},"canonical":"https:\/\/iglomart.com\/de\/shop\/hair-coloring-makeup-mirrors-360-no-blind-spot-foldable-mirrors\/","og_locale":"de_DE","og_type":"article","og_title":"Hair Coloring Makeup Mirrors 360 No Blind Spot Foldable Mirrors - Iglomart.com","og_description":"Overview\uff1a 100% Brand new and high quality. Multiple applications. Foldable for easy carry. Ideal for travel and use. See yourself from a whole new angle. You can check almost every part of your face with it. An absolutely practical tool for everyday use. This quarter sided compact features a standard mirror for real image. While [&hellip;]","og_url":"https:\/\/iglomart.com\/de\/shop\/hair-coloring-makeup-mirrors-360-no-blind-spot-foldable-mirrors\/","og_site_name":"Iglomart.com","article_modified_time":"2025-11-01T13:36:51+00:00","og_image":[{"url":"https:\/\/cf.cjdropshipping.com\/16778016\/1631542414059638784.jpg","type":"","width":"","height":""}],"twitter_card":"summary_large_image","twitter_misc":{"Gesch\u00e4tzte Lesezeit":"1\u00a0Minute"},"schema":{"@context":"https:\/\/schema.org","@graph":[{"@type":"WebPage","@id":"https:\/\/iglomart.com\/shop\/hair-coloring-makeup-mirrors-360-no-blind-spot-foldable-mirrors\/","url":"https:\/\/iglomart.com\/shop\/hair-coloring-makeup-mirrors-360-no-blind-spot-foldable-mirrors\/","name":"Hair Coloring Makeup Mirrors 360 No Blind Spot Foldable Mirrors - Iglomart.com","isPartOf":{"@id":"https:\/\/iglomart.com\/#website"},"primaryImageOfPage":{"@id":"https:\/\/iglomart.com\/shop\/hair-coloring-makeup-mirrors-360-no-blind-spot-foldable-mirrors\/#primaryimage"},"image":{"@id":"https:\/\/iglomart.com\/shop\/hair-coloring-makeup-mirrors-360-no-blind-spot-foldable-mirrors\/#primaryimage"},"thumbnailUrl":"https:\/\/iglomart.com\/wp-content\/uploads\/2025\/11\/7213234744900.jpg","datePublished":"2025-11-01T13:36:44+00:00","dateModified":"2025-11-01T13:36:51+00:00","breadcrumb":{"@id":"https:\/\/iglomart.com\/shop\/hair-coloring-makeup-mirrors-360-no-blind-spot-foldable-mirrors\/#breadcrumb"},"inLanguage":"de","potentialAction":[{"@type":"ReadAction","target":["https:\/\/iglomart.com\/shop\/hair-coloring-makeup-mirrors-360-no-blind-spot-foldable-mirrors\/"]}]},{"@type":"ImageObject","inLanguage":"de","@id":"https:\/\/iglomart.com\/shop\/hair-coloring-makeup-mirrors-360-no-blind-spot-foldable-mirrors\/#primaryimage","url":"https:\/\/iglomart.com\/wp-content\/uploads\/2025\/11\/7213234744900.jpg","contentUrl":"https:\/\/iglomart.com\/wp-content\/uploads\/2025\/11\/7213234744900.jpg","width":1001,"height":1001},{"@type":"BreadcrumbList","@id":"https:\/\/iglomart.com\/shop\/hair-coloring-makeup-mirrors-360-no-blind-spot-foldable-mirrors\/#breadcrumb","itemListElement":[{"@type":"ListItem","position":1,"name":"Home","item":"https:\/\/iglomart.com\/"},{"@type":"ListItem","position":2,"name":"Products","item":"https:\/\/iglomart.com\/shop\/"},{"@type":"ListItem","position":3,"name":"Hair Coloring Makeup Mirrors 360 No Blind Spot Foldable Mirrors"}]},{"@type":"WebSite","@id":"https:\/\/iglomart.com\/#website","url":"https:\/\/iglomart.com\/","name":"Iglomart.com","description":"\u10dd\u10dc\u10da\u10d0\u10d8\u10dc \u10db\u10d0\u10e6\u10d0\u10d6\u10d8\u10d0","publisher":{"@id":"https:\/\/iglomart.com\/#organization"},"potentialAction":[{"@type":"SearchAction","target":{"@type":"EntryPoint","urlTemplate":"https:\/\/iglomart.com\/?s={search_term_string}"},"query-input":{"@type":"PropertyValueSpecification","valueRequired":true,"valueName":"search_term_string"}}],"inLanguage":"de"},{"@type":"Organization","@id":"https:\/\/iglomart.com\/#organization","name":"Iglomart.com","url":"https:\/\/iglomart.com\/","logo":{"@type":"ImageObject","inLanguage":"de","@id":"https:\/\/iglomart.com\/#\/schema\/logo\/image\/","url":"https:\/\/iglomart.com\/wp-content\/uploads\/2025\/07\/cropped-ChatGPT-Image-Nov-3-2025-11_58_56-PM-Photoroom-1.png","contentUrl":"https:\/\/iglomart.com\/wp-content\/uploads\/2025\/07\/cropped-ChatGPT-Image-Nov-3-2025-11_58_56-PM-Photoroom-1.png","width":1279,"height":852,"caption":"Iglomart.com"},"image":{"@id":"https:\/\/iglomart.com\/#\/schema\/logo\/image\/"}}]}},"_links":{"self":[{"href":"https:\/\/iglomart.com\/de\/wp-json\/wp\/v2\/product\/341522","targetHints":{"allow":["GET"]}}],"collection":[{"href":"https:\/\/iglomart.com\/de\/wp-json\/wp\/v2\/product"}],"about":[{"href":"https:\/\/iglomart.com\/de\/wp-json\/wp\/v2\/types\/product"}],"replies":[{"embeddable":true,"href":"https:\/\/iglomart.com\/de\/wp-json\/wp\/v2\/comments?post=341522"}],"wp:featuredmedia":[{"embeddable":true,"href":"https:\/\/iglomart.com\/de\/wp-json\/wp\/v2\/media\/341521"}],"wp:attachment":[{"href":"https:\/\/iglomart.com\/de\/wp-json\/wp\/v2\/media?parent=341522"}],"wp:term":[{"taxonomy":"product_cat","embeddable":true,"href":"https:\/\/iglomart.com\/de\/wp-json\/wp\/v2\/product_cat?post=341522"},{"taxonomy":"product_tag","embeddable":true,"href":"https:\/\/iglomart.com\/de\/wp-json\/wp\/v2\/product_tag?post=341522"}],"curies":[{"name":"wp","href":"https:\/\/api.w.org\/{rel}","templated":true}]}}