{"id":341508,"date":"2025-11-01T17:36:19","date_gmt":"2025-11-01T13:36:19","guid":{"rendered":"https:\/\/iglomart.com\/shop\/pulse-type-eye-care-instrument-rechargeable-nurse\/"},"modified":"2025-11-01T17:36:23","modified_gmt":"2025-11-01T13:36:23","slug":"pulse-type-eye-care-instrument-rechargeable-nurse","status":"publish","type":"product","link":"https:\/\/iglomart.com\/de\/shop\/pulse-type-eye-care-instrument-rechargeable-nurse\/","title":{"rendered":"Pulse Type Eye Care Instrument Rechargeable Nurse"},"content":{"rendered":"<p> <b>Product information:<\/b>  <\/p>\n<p> Material: ABS <br \/> Power mode: electric <br \/> Power supply mode: AC <br \/> Power: 5 (W) <br \/> Color: white, red <\/p>\n<p> <b>Packing list:<\/b> <\/p>\n<p>Eye massager\u00d71USB data cable\u00d71 manual\u00d71<\/p>\n<p> <\/p>\n<p> <img decoding=\"async\" src=\"https:\/\/cf.cjdropshipping.com\/c32320df-62c9-4e0b-afaa-4281b01b50dc.jpg\"> <img decoding=\"async\" src=\"https:\/\/cf.cjdropshipping.com\/f01ea40c-234a-4649-84c0-a58ccf56ee8a.jpg\"> <img decoding=\"async\" src=\"https:\/\/cf.cjdropshipping.com\/7cf9ab75-ff44-4ec0-a4bf-dec776794d2e.jpg\"> <img decoding=\"async\" src=\"https:\/\/cf.cjdropshipping.com\/9b6b54ba-57e2-48bf-a02a-3bd7d46c29e4.jpg\"> <img decoding=\"async\" src=\"https:\/\/cf.cjdropshipping.com\/b8c76c55-968d-4dff-8f02-ab04d43a1273.jpg\"> <img decoding=\"async\" src=\"https:\/\/cf.cjdropshipping.com\/93a0afcf-9160-4403-b7e5-93b11b3f8601.jpg\"> <img decoding=\"async\" src=\"https:\/\/cf.cjdropshipping.com\/f918fe72-323c-43dd-9f67-a0f38988de2b.jpg\"> <img decoding=\"async\" src=\"https:\/\/cf.cjdropshipping.com\/c708c82f-41b0-497d-9614-3f839d8ffcd8.jpg\">  <\/p>","protected":false},"excerpt":{"rendered":"<p>Product information: Material: ABS Power mode: electric Power supply mode: AC Power: 5 (W) Color: white, red Packing list: Eye massager\u00d71USB data cable\u00d71 manual\u00d71<\/p>","protected":false},"featured_media":341503,"comment_status":"open","ping_status":"closed","template":"","meta":{"_acf_changed":false},"product_cat":[262],"product_tag":[],"class_list":{"0":"post-341508","1":"product","2":"type-product","3":"status-publish","4":"has-post-thumbnail","6":"product_cat-skin-care","8":"first","9":"instock","10":"taxable","11":"shipping-taxable","12":"purchasable","13":"product-type-variable","swatches":"rey-swatches","show_selected":""},"acf":[],"yoast_head":"<!-- This site is optimized with the Yoast SEO plugin v27.2 - https:\/\/yoast.com\/product\/yoast-seo-wordpress\/ -->\n<title>Pulse Type Eye Care Instrument Rechargeable Nurse - Iglomart.com<\/title>\n<meta name=\"robots\" content=\"index, follow, max-snippet:-1, max-image-preview:large, max-video-preview:-1\" \/>\n<link rel=\"canonical\" href=\"https:\/\/iglomart.com\/de\/shop\/pulse-type-eye-care-instrument-rechargeable-nurse\/\" \/>\n<meta property=\"og:locale\" content=\"de_DE\" \/>\n<meta property=\"og:type\" content=\"article\" \/>\n<meta property=\"og:title\" content=\"Pulse Type Eye Care Instrument Rechargeable Nurse - Iglomart.com\" \/>\n<meta property=\"og:description\" content=\"Product information: Material: ABS Power mode: electric Power supply mode: AC Power: 5 (W) Color: white, red Packing list: Eye massager\u00d71USB data cable\u00d71 manual\u00d71\" \/>\n<meta property=\"og:url\" content=\"https:\/\/iglomart.com\/de\/shop\/pulse-type-eye-care-instrument-rechargeable-nurse\/\" \/>\n<meta property=\"og:site_name\" content=\"Iglomart.com\" \/>\n<meta property=\"article:modified_time\" content=\"2025-11-01T13:36:23+00:00\" \/>\n<meta property=\"og:image\" content=\"https:\/\/cf.cjdropshipping.com\/c32320df-62c9-4e0b-afaa-4281b01b50dc.jpg\" \/>\n<meta name=\"twitter:card\" content=\"summary_large_image\" \/>\n<script type=\"application\/ld+json\" class=\"yoast-schema-graph\">{\"@context\":\"https:\/\/schema.org\",\"@graph\":[{\"@type\":\"WebPage\",\"@id\":\"https:\/\/iglomart.com\/shop\/pulse-type-eye-care-instrument-rechargeable-nurse\/\",\"url\":\"https:\/\/iglomart.com\/shop\/pulse-type-eye-care-instrument-rechargeable-nurse\/\",\"name\":\"Pulse Type Eye Care Instrument Rechargeable Nurse - Iglomart.com\",\"isPartOf\":{\"@id\":\"https:\/\/iglomart.com\/#website\"},\"primaryImageOfPage\":{\"@id\":\"https:\/\/iglomart.com\/shop\/pulse-type-eye-care-instrument-rechargeable-nurse\/#primaryimage\"},\"image\":{\"@id\":\"https:\/\/iglomart.com\/shop\/pulse-type-eye-care-instrument-rechargeable-nurse\/#primaryimage\"},\"thumbnailUrl\":\"https:\/\/iglomart.com\/wp-content\/uploads\/2025\/11\/20a8f4d9-43b8-4e01-8272-6436dfe1cdc8.jpg\",\"datePublished\":\"2025-11-01T13:36:19+00:00\",\"dateModified\":\"2025-11-01T13:36:23+00:00\",\"breadcrumb\":{\"@id\":\"https:\/\/iglomart.com\/shop\/pulse-type-eye-care-instrument-rechargeable-nurse\/#breadcrumb\"},\"inLanguage\":\"de\",\"potentialAction\":[{\"@type\":\"ReadAction\",\"target\":[\"https:\/\/iglomart.com\/shop\/pulse-type-eye-care-instrument-rechargeable-nurse\/\"]}]},{\"@type\":\"ImageObject\",\"inLanguage\":\"de\",\"@id\":\"https:\/\/iglomart.com\/shop\/pulse-type-eye-care-instrument-rechargeable-nurse\/#primaryimage\",\"url\":\"https:\/\/iglomart.com\/wp-content\/uploads\/2025\/11\/20a8f4d9-43b8-4e01-8272-6436dfe1cdc8.jpg\",\"contentUrl\":\"https:\/\/iglomart.com\/wp-content\/uploads\/2025\/11\/20a8f4d9-43b8-4e01-8272-6436dfe1cdc8.jpg\",\"width\":800,\"height\":800},{\"@type\":\"BreadcrumbList\",\"@id\":\"https:\/\/iglomart.com\/shop\/pulse-type-eye-care-instrument-rechargeable-nurse\/#breadcrumb\",\"itemListElement\":[{\"@type\":\"ListItem\",\"position\":1,\"name\":\"Home\",\"item\":\"https:\/\/iglomart.com\/\"},{\"@type\":\"ListItem\",\"position\":2,\"name\":\"Products\",\"item\":\"https:\/\/iglomart.com\/shop\/\"},{\"@type\":\"ListItem\",\"position\":3,\"name\":\"Pulse Type Eye Care Instrument Rechargeable Nurse\"}]},{\"@type\":\"WebSite\",\"@id\":\"https:\/\/iglomart.com\/#website\",\"url\":\"https:\/\/iglomart.com\/\",\"name\":\"Iglomart.com\",\"description\":\"\u10dd\u10dc\u10da\u10d0\u10d8\u10dc \u10db\u10d0\u10e6\u10d0\u10d6\u10d8\u10d0\",\"publisher\":{\"@id\":\"https:\/\/iglomart.com\/#organization\"},\"potentialAction\":[{\"@type\":\"SearchAction\",\"target\":{\"@type\":\"EntryPoint\",\"urlTemplate\":\"https:\/\/iglomart.com\/?s={search_term_string}\"},\"query-input\":{\"@type\":\"PropertyValueSpecification\",\"valueRequired\":true,\"valueName\":\"search_term_string\"}}],\"inLanguage\":\"de\"},{\"@type\":\"Organization\",\"@id\":\"https:\/\/iglomart.com\/#organization\",\"name\":\"Iglomart.com\",\"url\":\"https:\/\/iglomart.com\/\",\"logo\":{\"@type\":\"ImageObject\",\"inLanguage\":\"de\",\"@id\":\"https:\/\/iglomart.com\/#\/schema\/logo\/image\/\",\"url\":\"https:\/\/iglomart.com\/wp-content\/uploads\/2025\/07\/cropped-ChatGPT-Image-Nov-3-2025-11_58_56-PM-Photoroom-1.png\",\"contentUrl\":\"https:\/\/iglomart.com\/wp-content\/uploads\/2025\/07\/cropped-ChatGPT-Image-Nov-3-2025-11_58_56-PM-Photoroom-1.png\",\"width\":1279,\"height\":852,\"caption\":\"Iglomart.com\"},\"image\":{\"@id\":\"https:\/\/iglomart.com\/#\/schema\/logo\/image\/\"}}]}<\/script>\n<!-- \/ Yoast SEO plugin. -->","yoast_head_json":{"title":"Pulse Type Eye Care Instrument Rechargeable Nurse - Iglomart.com","robots":{"index":"index","follow":"follow","max-snippet":"max-snippet:-1","max-image-preview":"max-image-preview:large","max-video-preview":"max-video-preview:-1"},"canonical":"https:\/\/iglomart.com\/de\/shop\/pulse-type-eye-care-instrument-rechargeable-nurse\/","og_locale":"de_DE","og_type":"article","og_title":"Pulse Type Eye Care Instrument Rechargeable Nurse - Iglomart.com","og_description":"Product information: Material: ABS Power mode: electric Power supply mode: AC Power: 5 (W) Color: white, red Packing list: Eye massager\u00d71USB data cable\u00d71 manual\u00d71","og_url":"https:\/\/iglomart.com\/de\/shop\/pulse-type-eye-care-instrument-rechargeable-nurse\/","og_site_name":"Iglomart.com","article_modified_time":"2025-11-01T13:36:23+00:00","og_image":[{"url":"https:\/\/cf.cjdropshipping.com\/c32320df-62c9-4e0b-afaa-4281b01b50dc.jpg","type":"","width":"","height":""}],"twitter_card":"summary_large_image","schema":{"@context":"https:\/\/schema.org","@graph":[{"@type":"WebPage","@id":"https:\/\/iglomart.com\/shop\/pulse-type-eye-care-instrument-rechargeable-nurse\/","url":"https:\/\/iglomart.com\/shop\/pulse-type-eye-care-instrument-rechargeable-nurse\/","name":"Pulse Type Eye Care Instrument Rechargeable Nurse - Iglomart.com","isPartOf":{"@id":"https:\/\/iglomart.com\/#website"},"primaryImageOfPage":{"@id":"https:\/\/iglomart.com\/shop\/pulse-type-eye-care-instrument-rechargeable-nurse\/#primaryimage"},"image":{"@id":"https:\/\/iglomart.com\/shop\/pulse-type-eye-care-instrument-rechargeable-nurse\/#primaryimage"},"thumbnailUrl":"https:\/\/iglomart.com\/wp-content\/uploads\/2025\/11\/20a8f4d9-43b8-4e01-8272-6436dfe1cdc8.jpg","datePublished":"2025-11-01T13:36:19+00:00","dateModified":"2025-11-01T13:36:23+00:00","breadcrumb":{"@id":"https:\/\/iglomart.com\/shop\/pulse-type-eye-care-instrument-rechargeable-nurse\/#breadcrumb"},"inLanguage":"de","potentialAction":[{"@type":"ReadAction","target":["https:\/\/iglomart.com\/shop\/pulse-type-eye-care-instrument-rechargeable-nurse\/"]}]},{"@type":"ImageObject","inLanguage":"de","@id":"https:\/\/iglomart.com\/shop\/pulse-type-eye-care-instrument-rechargeable-nurse\/#primaryimage","url":"https:\/\/iglomart.com\/wp-content\/uploads\/2025\/11\/20a8f4d9-43b8-4e01-8272-6436dfe1cdc8.jpg","contentUrl":"https:\/\/iglomart.com\/wp-content\/uploads\/2025\/11\/20a8f4d9-43b8-4e01-8272-6436dfe1cdc8.jpg","width":800,"height":800},{"@type":"BreadcrumbList","@id":"https:\/\/iglomart.com\/shop\/pulse-type-eye-care-instrument-rechargeable-nurse\/#breadcrumb","itemListElement":[{"@type":"ListItem","position":1,"name":"Home","item":"https:\/\/iglomart.com\/"},{"@type":"ListItem","position":2,"name":"Products","item":"https:\/\/iglomart.com\/shop\/"},{"@type":"ListItem","position":3,"name":"Pulse Type Eye Care Instrument Rechargeable Nurse"}]},{"@type":"WebSite","@id":"https:\/\/iglomart.com\/#website","url":"https:\/\/iglomart.com\/","name":"Iglomart.com","description":"\u10dd\u10dc\u10da\u10d0\u10d8\u10dc \u10db\u10d0\u10e6\u10d0\u10d6\u10d8\u10d0","publisher":{"@id":"https:\/\/iglomart.com\/#organization"},"potentialAction":[{"@type":"SearchAction","target":{"@type":"EntryPoint","urlTemplate":"https:\/\/iglomart.com\/?s={search_term_string}"},"query-input":{"@type":"PropertyValueSpecification","valueRequired":true,"valueName":"search_term_string"}}],"inLanguage":"de"},{"@type":"Organization","@id":"https:\/\/iglomart.com\/#organization","name":"Iglomart.com","url":"https:\/\/iglomart.com\/","logo":{"@type":"ImageObject","inLanguage":"de","@id":"https:\/\/iglomart.com\/#\/schema\/logo\/image\/","url":"https:\/\/iglomart.com\/wp-content\/uploads\/2025\/07\/cropped-ChatGPT-Image-Nov-3-2025-11_58_56-PM-Photoroom-1.png","contentUrl":"https:\/\/iglomart.com\/wp-content\/uploads\/2025\/07\/cropped-ChatGPT-Image-Nov-3-2025-11_58_56-PM-Photoroom-1.png","width":1279,"height":852,"caption":"Iglomart.com"},"image":{"@id":"https:\/\/iglomart.com\/#\/schema\/logo\/image\/"}}]}},"_links":{"self":[{"href":"https:\/\/iglomart.com\/de\/wp-json\/wp\/v2\/product\/341508","targetHints":{"allow":["GET"]}}],"collection":[{"href":"https:\/\/iglomart.com\/de\/wp-json\/wp\/v2\/product"}],"about":[{"href":"https:\/\/iglomart.com\/de\/wp-json\/wp\/v2\/types\/product"}],"replies":[{"embeddable":true,"href":"https:\/\/iglomart.com\/de\/wp-json\/wp\/v2\/comments?post=341508"}],"wp:featuredmedia":[{"embeddable":true,"href":"https:\/\/iglomart.com\/de\/wp-json\/wp\/v2\/media\/341503"}],"wp:attachment":[{"href":"https:\/\/iglomart.com\/de\/wp-json\/wp\/v2\/media?parent=341508"}],"wp:term":[{"taxonomy":"product_cat","embeddable":true,"href":"https:\/\/iglomart.com\/de\/wp-json\/wp\/v2\/product_cat?post=341508"},{"taxonomy":"product_tag","embeddable":true,"href":"https:\/\/iglomart.com\/de\/wp-json\/wp\/v2\/product_tag?post=341508"}],"curies":[{"name":"wp","href":"https:\/\/api.w.org\/{rel}","templated":true}]}}